{"id":8292,"date":"2017-11-07T13:42:26","date_gmt":"2017-11-07T11:42:26","guid":{"rendered":"http:\/\/xn--meine-alte-haustr-i3b.de\/?post_type=product&#038;p=8292"},"modified":"2022-06-25T14:16:54","modified_gmt":"2022-06-25T12:16:54","slug":"modell-663686014","status":"publish","type":"product","link":"https:\/\/xn--meine-alte-haustr-i3b.de\/en\/product\/modell-663686014\/","title":{"rendered":"Modell 663686014"},"content":{"rendered":"<p>Mit den Klebe-Teppichen von \u201eMeine alte Haust\u00fcr\u201c machen Sie die Zimmer der Senioren h\u00e4uslicher, gem\u00fctlicher und erh\u00f6hen Sie die Privatsph\u00e4re. Ein St\u00fcckgen Zu Hause kommt n\u00e4her, auch die T\u00fcrmatten geben eine pers\u00f6nlichen &#8222;touch&#8220; an die Zimmert\u00fcr. Sie sind in nahezu jeder gew\u00fcnschten Gr\u00f6\u00dfe und auch Form erh\u00e4ltlich. Bei besonders gr\u00f6\u00dferen Fl\u00e4chen werden sie in mehrere einzelne Bodenaufkleber aufgeteilt und dann l\u00fcckenlos nebeneinander angebracht. Der Druck erfolgt vierfarbig und wird in hochaufl\u00f6sender Fotoqualit\u00e4t per Digitaldruck auf die Fu\u00dfbodenfolie aufgetragen. Das Design ist dabei frei w\u00e4hlbar und kann bis ins kleinste Detail an die Vorgaben und das Design Ihres Unternehmens angepa\u00dft werden, Sodas unz\u00e4hlige grafische Effekte verwirklicht werden k\u00f6nnen.<\/p>\n<p>Diese Folien f\u00fcr Klebe Teppichen wurden speziell hergestellt f\u00fcr Bodenaufkleber auf Messen und Flughafen wo t\u00e4glich 10.000 und mehr Mensen dr\u00fcber laufen. Dank der speziellen Oberfl\u00e4che Laminat R10,( <a href=\"http:\/\/xn--meine-alte-haustr-i3b.de\/wp-content\/uploads\/2017\/10\/Easy_Clear_Sand_R9_certificaat-2.pdf\">Din-51130<\/a>) ist unsere Klebe-Teppichen besonders rutschfest und bietet keinerlei Stolperfallen f\u00fcr den Senioren. Die Oberfl\u00e4che unserer brandsicheren Fu\u00dfbodenaufkleber ist zudem leicht zu reinigen und sehr robust gegen\u00fcber Kratzern und der t\u00e4glichen Belastung durch die verschiedensten Beanspruchungen.<\/p>","protected":false},"excerpt":{"rendered":"<p>Mit den Klebe-Teppichen von \u201eMeine alte Haust\u00fcr\u201c machen Sie die Zimmer der Senioren h\u00e4uslicher, gem\u00fctlicher und erh\u00f6hen Sie die Privatsph\u00e4re. Ein St\u00fcckgen Zu Hause kommt n\u00e4her, auch die T\u00fcrmatten geben eine pers\u00f6nlichen &#8222;touch&#8220; an die Zimmert\u00fcr.<\/p>\n<ul>\n<li>unsere brandsicheren Klebe-Teppichen verf\u00fcgen \u00fcber das <a href=\"http:\/\/meine-alte-haust\u00fcr.de\/wp-content\/plugins\/email-before-download\/?dl=a873f0f34df0b22f5e878af469d81bc5\" target=\"_blank\" rel=\"noopener noreferrer\">B1 Brandschutz-Zertifikat<\/a><\/li>\n<li>sie sind geeignet f\u00fcr die Nutzung in Bereichen mit hohen Sicherheitsbestimmungen<\/li>\n<li>die Klebe-Teppichen sind hochwertig und robust verarbeitet f\u00fcr eine lange Nutzungsdauer<\/li>\n<li>ideal f\u00fcr Seniorenzimmer, und auf den Fluren der Abteilungen.<\/li>\n<li>viele Formate erh\u00e4ltlich, kaum Einschr\u00e4nkungen<\/li>\n<li>hochaufl\u00f6sende Fotoqualit\u00e4t<\/li>\n<li>Oberfl\u00e4chenschutz R10 ( <a href=\"http:\/\/xn--meine-alte-haustr-i3b.de\/wp-content\/uploads\/2017\/10\/Easy_Clear_Sand_R9_certificaat-2.pdf\" target=\"_blank\" rel=\"noopener noreferrer\">Din 51130<\/a> ) sorgt f\u00fcr eine kratzfeste und rutschfeste Oberfl\u00e4che<\/li>\n<li>Verklebung auf glatten Fl\u00e4chen im Innenbereich<\/li>\n<li>die Entfernung der Klebe-Teppichen ist sehr einfach und r\u00fcckstandsfrei m\u00f6glich<\/li>\n<\/ul>\n<p>Anfrage f\u00fcr Preise<\/p>\n[contact-form-7 id=\"37742\" title=\"Anfrage Prese f\u00fcr Klebe-Teppiche\"]\n<p>&nbsp;<\/p>\n","protected":false},"featured_media":8299,"comment_status":"open","ping_status":"closed","template":"","meta":{"sfsi_plus_gutenberg_text_before_share":"","sfsi_plus_gutenberg_show_text_before_share":"","sfsi_plus_gutenberg_icon_type":"","sfsi_plus_gutenberg_icon_alignemt":"","sfsi_plus_gutenburg_max_per_row":"","editor_plus_copied_stylings":"{}","_exactmetrics_skip_tracking":false,"_exactmetrics_sitenote_active":false,"_exactmetrics_sitenote_note":"","_exactmetrics_sitenote_category":0,"_uf_show_specific_survey":0,"_uf_disable_surveys":false},"product_brand":[],"product_cat":[183],"product_tag":[],"class_list":{"0":"post-8292","1":"product","2":"type-product","3":"status-publish","4":"has-post-thumbnail","6":"product_cat-klebe-teppiche-quadratisch","7":"product_shipping_class-rolle-versand","9":"first","10":"instock","11":"taxable","12":"shipping-taxable","13":"purchasable","14":"product-type-simple"},"_links":{"self":[{"href":"https:\/\/xn--meine-alte-haustr-i3b.de\/en\/wp-json\/wp\/v2\/product\/8292","targetHints":{"allow":["GET"]}}],"collection":[{"href":"https:\/\/xn--meine-alte-haustr-i3b.de\/en\/wp-json\/wp\/v2\/product"}],"about":[{"href":"https:\/\/xn--meine-alte-haustr-i3b.de\/en\/wp-json\/wp\/v2\/types\/product"}],"replies":[{"embeddable":true,"href":"https:\/\/xn--meine-alte-haustr-i3b.de\/en\/wp-json\/wp\/v2\/comments?post=8292"}],"wp:featuredmedia":[{"embeddable":true,"href":"https:\/\/xn--meine-alte-haustr-i3b.de\/en\/wp-json\/wp\/v2\/media\/8299"}],"wp:attachment":[{"href":"https:\/\/xn--meine-alte-haustr-i3b.de\/en\/wp-json\/wp\/v2\/media?parent=8292"}],"wp:term":[{"taxonomy":"product_brand","embeddable":true,"href":"https:\/\/xn--meine-alte-haustr-i3b.de\/en\/wp-json\/wp\/v2\/product_brand?post=8292"},{"taxonomy":"product_cat","embeddable":true,"href":"https:\/\/xn--meine-alte-haustr-i3b.de\/en\/wp-json\/wp\/v2\/product_cat?post=8292"},{"taxonomy":"product_tag","embeddable":true,"href":"https:\/\/xn--meine-alte-haustr-i3b.de\/en\/wp-json\/wp\/v2\/product_tag?post=8292"}],"curies":[{"name":"wp","href":"https:\/\/api.w.org\/{rel}","templated":true}]}}