{"id":43535,"date":"2022-06-25T07:39:31","date_gmt":"2022-06-25T05:39:31","guid":{"rendered":"https:\/\/xn--meine-alte-haustr-i3b.de\/?post_type=product&#038;p=43535"},"modified":"2022-06-25T07:40:26","modified_gmt":"2022-06-25T05:40:26","slug":"modell-ofv-456","status":"publish","type":"product","link":"https:\/\/xn--meine-alte-haustr-i3b.de\/en\/product\/modell-ofv-456\/","title":{"rendered":"Modell OFV 456"},"content":{"rendered":"<p>Lieber Kunden, um Ihre Abteilung zu versch\u00f6nern oder die Fahrstuhlt\u00fcren nicht erkennbar zu machen haben wir Fahrstuhlverkleidung entwickelt. Ein sehr beliebtes Produkt aus unseren Webshop. Viele sch\u00f6ne Bilder die Ihre Fahrstuhlt\u00fcren sch\u00f6ner und nicht erkennbar machen. Durch das Platzieren eines Zauns signalisieren Sie deutlich <strong>\u201eHALT\u201c<\/strong>, hier geht es nicht weiter. Steht ein Muster nicht in unsere Galerie ? Kein Problem, sagen Sie uns was Sie suchen und wir schicken Ihnen ein paar Beispiele.<\/p>","protected":false},"excerpt":{"rendered":"<p>Sehr geehrter Kunde,<\/p>\n<p>um den Preis zu ermitteln, ben\u00f6tigen wir einige Gr\u00f6\u00dfen.<br \/>\nDr\u00fccken Sie unten auf \u201eWelche Gr\u00f6\u00dfen Messen\u201c und Sie sehen, welche Gr\u00f6\u00dfen wir ben\u00f6tigen.<\/p>\n<p>&nbsp;<\/p>\n<p><a href=\"https:\/\/xn--meine-alte-haustr-i3b.de\/wp-content\/uploads\/2019\/07\/Massen.jpg\"><img loading=\"lazy\" decoding=\"async\" class=\"alignleft wp-image-43041\" title=\"Welche Gr\u00f6\u00dfen messen\" src=\"https:\/\/xn--meine-alte-haustr-i3b.de\/wp-content\/uploads\/2019\/07\/admin-ajax-300x300.png\" alt=\"\" width=\"150\" height=\"150\" srcset=\"https:\/\/xn--meine-alte-haustr-i3b.de\/wp-content\/uploads\/2019\/07\/admin-ajax-300x300.png 300w, https:\/\/xn--meine-alte-haustr-i3b.de\/wp-content\/uploads\/2019\/07\/admin-ajax-150x150.png 150w, https:\/\/xn--meine-alte-haustr-i3b.de\/wp-content\/uploads\/2019\/07\/admin-ajax-324x324.png 324w, https:\/\/xn--meine-alte-haustr-i3b.de\/wp-content\/uploads\/2019\/07\/admin-ajax-100x100.png 100w, https:\/\/xn--meine-alte-haustr-i3b.de\/wp-content\/uploads\/2019\/07\/admin-ajax.png 400w\" sizes=\"auto, (max-width: 150px) 100vw, 150px\" \/><\/a><\/p>\n<p>&nbsp;<\/p>\n<p>&nbsp;<\/p>\n<p><a href=\"https:\/\/xn--meine-alte-haustr-i3b.de\/wp-content\/uploads\/2019\/07\/Maten.jpg\" target=\"_blank\" rel=\"noopener\">\u00a0Welche Gr\u00f6\u00dfen messen<\/a><\/p>","protected":false},"featured_media":43414,"comment_status":"open","ping_status":"closed","template":"","meta":{"sfsi_plus_gutenberg_text_before_share":"","sfsi_plus_gutenberg_show_text_before_share":"","sfsi_plus_gutenberg_icon_type":"","sfsi_plus_gutenberg_icon_alignemt":"","sfsi_plus_gutenburg_max_per_row":"","editor_plus_copied_stylings":"{}","_exactmetrics_skip_tracking":false,"_exactmetrics_sitenote_active":false,"_exactmetrics_sitenote_note":"","_exactmetrics_sitenote_category":0,"_uf_show_specific_survey":0,"_uf_disable_surveys":false},"product_brand":[],"product_cat":[270],"product_tag":[],"class_list":{"0":"post-43535","1":"product","2":"type-product","3":"status-publish","4":"has-post-thumbnail","6":"product_cat-optische-fahrstuhlverkleidung","8":"first","9":"instock","10":"taxable","11":"shipping-taxable","12":"purchasable","13":"product-type-simple"},"_links":{"self":[{"href":"https:\/\/xn--meine-alte-haustr-i3b.de\/en\/wp-json\/wp\/v2\/product\/43535","targetHints":{"allow":["GET"]}}],"collection":[{"href":"https:\/\/xn--meine-alte-haustr-i3b.de\/en\/wp-json\/wp\/v2\/product"}],"about":[{"href":"https:\/\/xn--meine-alte-haustr-i3b.de\/en\/wp-json\/wp\/v2\/types\/product"}],"replies":[{"embeddable":true,"href":"https:\/\/xn--meine-alte-haustr-i3b.de\/en\/wp-json\/wp\/v2\/comments?post=43535"}],"wp:featuredmedia":[{"embeddable":true,"href":"https:\/\/xn--meine-alte-haustr-i3b.de\/en\/wp-json\/wp\/v2\/media\/43414"}],"wp:attachment":[{"href":"https:\/\/xn--meine-alte-haustr-i3b.de\/en\/wp-json\/wp\/v2\/media?parent=43535"}],"wp:term":[{"taxonomy":"product_brand","embeddable":true,"href":"https:\/\/xn--meine-alte-haustr-i3b.de\/en\/wp-json\/wp\/v2\/product_brand?post=43535"},{"taxonomy":"product_cat","embeddable":true,"href":"https:\/\/xn--meine-alte-haustr-i3b.de\/en\/wp-json\/wp\/v2\/product_cat?post=43535"},{"taxonomy":"product_tag","embeddable":true,"href":"https:\/\/xn--meine-alte-haustr-i3b.de\/en\/wp-json\/wp\/v2\/product_tag?post=43535"}],"curies":[{"name":"wp","href":"https:\/\/api.w.org\/{rel}","templated":true}]}}