{"id":37719,"date":"2020-09-13T14:33:09","date_gmt":"2020-09-13T12:33:09","guid":{"rendered":"https:\/\/xn--meine-alte-haustr-i3b.de\/?post_type=product&#038;p=37719"},"modified":"2022-07-04T13:11:04","modified_gmt":"2022-07-04T11:11:04","slug":"froehliche-glasbilder-032","status":"publish","type":"product","link":"https:\/\/xn--meine-alte-haustr-i3b.de\/en\/product\/froehliche-glasbilder-032\/","title":{"rendered":"Fr\u00f6hliche Glasbilder 032"},"content":{"rendered":"","protected":false},"excerpt":{"rendered":"<h4><strong>Mahl ganz was anderes, Fr\u00f6hliche T\u00fcren.<\/strong><\/h4>\n<p>Mit diesen T\u00fcren strahlen Sie Fr\u00f6hlichkeit aus und zaubern ein L\u00e4cheln auf die Gesichter der Senioren.<\/p>\n<p>So k\u00f6nnen Sie auch T\u00fcren Tarnen, oder wir schreiben einen Text auf die T\u00fcren wo die Senioren rein gehen m\u00fcssen (k\u00f6nnen).<\/p>\n<p>&nbsp;<\/p>\n<p><strong><em>Da es viele Gr\u00f6\u00dfenkombinationen gibt, k\u00f6nnen wir Ihnen keinen Preis nennen.<\/em><\/strong><br \/>\n<strong><em>F\u00fcllen Sie das &#8222;Angebot anfordern&#8220; formular aus und wir senden Ihnen unverbindlich ein Angebot zu.<\/em><\/strong><\/p>\n<p><em>Sehr geehrter Kunde, sind Sie sich nicht sicher, ob diese T\u00fcr f\u00fcr Ihr Interieur geeignet ist? Ist es die richtige Farbkombination? Wie sieht es in der Realit\u00e4t aus?<\/em><br \/>\n<em>Mit diesem Video k\u00f6nnen wir Ihnen helfen, die richtige Wahl zu treffen.<\/em><\/p>\n<p><em><strong>Klicken Sie hierunten um das Video zu starten.<\/strong><\/em><\/p>\n<p><a href=\"https:\/\/www.youtube.com\/watch_popup?v=7qGR-alCfLQ&amp;feature=youtu.be\" target=\"_blank\" rel=\"Video noopener starten noreferrer\"><img loading=\"lazy\" decoding=\"async\" class=\"Video starten alignnone wp-image-36184 size-wp_review_small\" title=\"Video starten\" src=\"https:\/\/xn--meine-alte-haustr-i3b.de\/wp-content\/uploads\/2019\/07\/video-youtube-icon-14-65x65.png\" alt=\"Video starten\" width=\"65\" height=\"65\" srcset=\"https:\/\/xn--meine-alte-haustr-i3b.de\/wp-content\/uploads\/2019\/07\/video-youtube-icon-14-65x65.png 65w, https:\/\/xn--meine-alte-haustr-i3b.de\/wp-content\/uploads\/2019\/07\/video-youtube-icon-14-300x300.png 300w, https:\/\/xn--meine-alte-haustr-i3b.de\/wp-content\/uploads\/2019\/07\/video-youtube-icon-14-150x150.png 150w, https:\/\/xn--meine-alte-haustr-i3b.de\/wp-content\/uploads\/2019\/07\/video-youtube-icon-14-324x324.png 324w, https:\/\/xn--meine-alte-haustr-i3b.de\/wp-content\/uploads\/2019\/07\/video-youtube-icon-14-416x416.png 416w, https:\/\/xn--meine-alte-haustr-i3b.de\/wp-content\/uploads\/2019\/07\/video-youtube-icon-14-100x100.png 100w, https:\/\/xn--meine-alte-haustr-i3b.de\/wp-content\/uploads\/2019\/07\/video-youtube-icon-14.png 512w\" sizes=\"auto, (max-width: 65px) 100vw, 65px\" \/><\/a><\/p>\n<p><em><strong>Die Bilder von die zu beklebenden Objekten k\u00f6nnen Sie im Formular Hochladen und versenden.<\/strong><\/em><\/p>\n[contact-form-7 id=\"23597\" title=\"Fr\u00f6hliche T\u00fcren\"]\n<p>&nbsp;<\/p>\n","protected":false},"featured_media":37697,"comment_status":"open","ping_status":"closed","template":"","meta":{"sfsi_plus_gutenberg_text_before_share":"","sfsi_plus_gutenberg_show_text_before_share":"","sfsi_plus_gutenberg_icon_type":"","sfsi_plus_gutenberg_icon_alignemt":"","sfsi_plus_gutenburg_max_per_row":"","editor_plus_copied_stylings":"{}","_exactmetrics_skip_tracking":false,"_exactmetrics_sitenote_active":false,"_exactmetrics_sitenote_note":"","_exactmetrics_sitenote_category":0,"_uf_show_specific_survey":0,"_uf_disable_surveys":false},"product_brand":[],"product_cat":[271],"product_tag":[],"class_list":{"0":"post-37719","1":"product","2":"type-product","3":"status-publish","4":"has-post-thumbnail","6":"product_cat-froehliche-glasbilder","8":"first","9":"instock","10":"taxable","11":"shipping-taxable","12":"purchasable","13":"product-type-simple"},"_links":{"self":[{"href":"https:\/\/xn--meine-alte-haustr-i3b.de\/en\/wp-json\/wp\/v2\/product\/37719","targetHints":{"allow":["GET"]}}],"collection":[{"href":"https:\/\/xn--meine-alte-haustr-i3b.de\/en\/wp-json\/wp\/v2\/product"}],"about":[{"href":"https:\/\/xn--meine-alte-haustr-i3b.de\/en\/wp-json\/wp\/v2\/types\/product"}],"replies":[{"embeddable":true,"href":"https:\/\/xn--meine-alte-haustr-i3b.de\/en\/wp-json\/wp\/v2\/comments?post=37719"}],"wp:featuredmedia":[{"embeddable":true,"href":"https:\/\/xn--meine-alte-haustr-i3b.de\/en\/wp-json\/wp\/v2\/media\/37697"}],"wp:attachment":[{"href":"https:\/\/xn--meine-alte-haustr-i3b.de\/en\/wp-json\/wp\/v2\/media?parent=37719"}],"wp:term":[{"taxonomy":"product_brand","embeddable":true,"href":"https:\/\/xn--meine-alte-haustr-i3b.de\/en\/wp-json\/wp\/v2\/product_brand?post=37719"},{"taxonomy":"product_cat","embeddable":true,"href":"https:\/\/xn--meine-alte-haustr-i3b.de\/en\/wp-json\/wp\/v2\/product_cat?post=37719"},{"taxonomy":"product_tag","embeddable":true,"href":"https:\/\/xn--meine-alte-haustr-i3b.de\/en\/wp-json\/wp\/v2\/product_tag?post=37719"}],"curies":[{"name":"wp","href":"https:\/\/api.w.org\/{rel}","templated":true}]}}