{"id":37453,"date":"2020-09-10T12:44:22","date_gmt":"2020-09-10T10:44:22","guid":{"rendered":"https:\/\/xn--meine-alte-haustr-i3b.de\/?post_type=product&#038;p=37453"},"modified":"2022-06-24T06:04:26","modified_gmt":"2022-06-24T04:04:26","slug":"fahrstuhlverkleidung-modell-481","status":"publish","type":"product","link":"https:\/\/xn--meine-alte-haustr-i3b.de\/en\/product\/fahrstuhlverkleidung-modell-481\/","title":{"rendered":"Fahrstuhlverkleidung Modell 481"},"content":{"rendered":"<h3 style=\"text-align: center;\"><strong>Fahrstuhlverkleidung wurden entwickelt f\u00fcr folgende Zwecke:<\/strong><\/h3>\n<h4><strong>Individuelle Gestaltung.<\/strong><\/h4>\n<p>Sie k\u00f6nnen auch Ihr individuelle <strong>Fahrstuhlverkleidung <\/strong>gestalten, um Ihnen dabei optimal zu unterstutzen machen wir folgendes. Sie schicken uns ein Bild von de Fahrstuhl, und sagen uns welches Motive Sie bevorzugen. Durch Photoshoppen setzen wir Ihr Motiv in das Bild und senden Ihnen das zu. Auf diese Art haben Sie f\u00fcr 95% eine Vorstellung wie es bei Ihnen auf die Abteilung aussehen w\u00fcrde. Oder Sie haben selber ein Bild von zum Beispiel eine Sehensw\u00fcrdigkeit\/ Denkmal aus Ihrer Umgebung. \u00a0Auch dies k\u00f6nnen wir als <strong>Fahrstuhlverkleidung <\/strong>f\u00fcr Sie Herstellen, die Fantasie und M\u00f6glichkeiten haben keine Grenzen.<\/p>\n[wp-review id=&#8220;3382&#8243;]\n<h3><strong>Andere Produkten.<\/strong><\/h3>\n<p>Au\u00dfer <strong>Fahrstuhlverkleidung <\/strong>stellen wir noch folgenden Produkten her zur Sicherheit \u2013 bessere Orientierung \u2013 und zuhause Gef\u00fchl f\u00fcr den Senioren.<\/p>\n<p>Klebeteppichen \u2013 vermeide Sie st\u00fcrzen von Senioren. \u00a0Hier geht\u2019s zu Klebeteppichen <a href=\"https:\/\/meine-alte-haust\u00fcr.de\/klebe-teppiche\/\">Link<\/a><\/p>\n<p>Jeder Senior seine eigene T\u00fcr. Hier geht\u2019s zu Zimmert\u00fcrverkleidung <a href=\"https:\/\/meine-alte-haust\u00fcr.de\/bilder-galerie-klebetueren\/\">Link<\/a><\/p>\n<p>Gestalten Sie Ihren monotonen G\u00e4ngen um mit Weitblicken. Hier geht\u2019s zu Optische Fenster <a href=\"https:\/\/meine-alte-haust\u00fcr.de\/optische-fenster\/\">Link<\/a><\/p>\n<p>Abteilung Zugangst\u00fcren umgestalten, Weglauftendenz\/ Hinlauftendenz einschr\u00e4nken. \u00a0Hier geht\u2019s zu Sonderanfertigungen <a href=\"https:\/\/meine-alte-haust\u00fcr.de\/sonderanfertigungen\/\">Link<\/a><\/p>\n<p>Sehr geehrte Kunden, besuchen Sie unsere Webseite f\u00fcr mehr Produkten und Hilfsmittel die Ihre Senioren ein sicheres \u2013 besseres und angenehmeres leben m\u00f6glich machen. Zur Webseite <a href=\"https:\/\/meine-alte-haust\u00fcr.de\/\">Link<\/a><\/p>\n<p>&nbsp;<\/p>\n","protected":false},"excerpt":{"rendered":"<p>Sehr geehrter Kunde,<\/p>\n<p>um den Preis zu ermitteln, ben\u00f6tigen wir einige Gr\u00f6\u00dfen.<br \/>\nDr\u00fccken Sie unten auf &#8222;Welche Gr\u00f6\u00dfen Messen&#8220; und Sie sehen, welche Gr\u00f6\u00dfen wir ben\u00f6tigen.<\/p>\n<p>&nbsp;<\/p>\n<p><a href=\"https:\/\/xn--meine-alte-haustr-i3b.de\/wp-content\/uploads\/2019\/07\/Massen.jpg\"><img loading=\"lazy\" decoding=\"async\" class=\"alignleft wp-image-43041\" title=\"Welche Gr\u00f6\u00dfen messen\" src=\"https:\/\/xn--meine-alte-haustr-i3b.de\/wp-content\/uploads\/2019\/07\/admin-ajax-300x300.png\" alt=\"\" width=\"150\" height=\"150\" srcset=\"https:\/\/xn--meine-alte-haustr-i3b.de\/wp-content\/uploads\/2019\/07\/admin-ajax-300x300.png 300w, https:\/\/xn--meine-alte-haustr-i3b.de\/wp-content\/uploads\/2019\/07\/admin-ajax-150x150.png 150w, https:\/\/xn--meine-alte-haustr-i3b.de\/wp-content\/uploads\/2019\/07\/admin-ajax-324x324.png 324w, https:\/\/xn--meine-alte-haustr-i3b.de\/wp-content\/uploads\/2019\/07\/admin-ajax-100x100.png 100w, https:\/\/xn--meine-alte-haustr-i3b.de\/wp-content\/uploads\/2019\/07\/admin-ajax.png 400w\" sizes=\"auto, (max-width: 150px) 100vw, 150px\" \/><\/a><\/p>\n<p>&nbsp;<\/p>\n<p>&nbsp;<\/p>\n<p><a href=\"https:\/\/xn--meine-alte-haustr-i3b.de\/wp-content\/uploads\/2019\/07\/Maten.jpg\" target=\"_blank\" rel=\"noopener\">\u00a0Welche Gr\u00f6\u00dfen messen<\/a><\/p>\n<p>&nbsp;<\/p>\n<p>&nbsp;<\/p>\n<p><strong>\u00a0<\/strong><\/p>","protected":false},"featured_media":37463,"comment_status":"open","ping_status":"closed","template":"","meta":{"sfsi_plus_gutenberg_text_before_share":"","sfsi_plus_gutenberg_show_text_before_share":"","sfsi_plus_gutenberg_icon_type":"","sfsi_plus_gutenberg_icon_alignemt":"","sfsi_plus_gutenburg_max_per_row":"","editor_plus_copied_stylings":"{}","_exactmetrics_skip_tracking":false,"_exactmetrics_sitenote_active":false,"_exactmetrics_sitenote_note":"","_exactmetrics_sitenote_category":0,"_uf_show_specific_survey":0,"_uf_disable_surveys":false},"product_brand":[],"product_cat":[175],"product_tag":[],"class_list":{"0":"post-37453","1":"product","2":"type-product","3":"status-publish","4":"has-post-thumbnail","6":"product_cat-fahrstuhl-verkleidungen","7":"product_shipping_class-rolle-versand","9":"first","10":"instock","11":"taxable","12":"shipping-taxable","13":"purchasable","14":"product-type-simple"},"_links":{"self":[{"href":"https:\/\/xn--meine-alte-haustr-i3b.de\/en\/wp-json\/wp\/v2\/product\/37453","targetHints":{"allow":["GET"]}}],"collection":[{"href":"https:\/\/xn--meine-alte-haustr-i3b.de\/en\/wp-json\/wp\/v2\/product"}],"about":[{"href":"https:\/\/xn--meine-alte-haustr-i3b.de\/en\/wp-json\/wp\/v2\/types\/product"}],"replies":[{"embeddable":true,"href":"https:\/\/xn--meine-alte-haustr-i3b.de\/en\/wp-json\/wp\/v2\/comments?post=37453"}],"wp:featuredmedia":[{"embeddable":true,"href":"https:\/\/xn--meine-alte-haustr-i3b.de\/en\/wp-json\/wp\/v2\/media\/37463"}],"wp:attachment":[{"href":"https:\/\/xn--meine-alte-haustr-i3b.de\/en\/wp-json\/wp\/v2\/media?parent=37453"}],"wp:term":[{"taxonomy":"product_brand","embeddable":true,"href":"https:\/\/xn--meine-alte-haustr-i3b.de\/en\/wp-json\/wp\/v2\/product_brand?post=37453"},{"taxonomy":"product_cat","embeddable":true,"href":"https:\/\/xn--meine-alte-haustr-i3b.de\/en\/wp-json\/wp\/v2\/product_cat?post=37453"},{"taxonomy":"product_tag","embeddable":true,"href":"https:\/\/xn--meine-alte-haustr-i3b.de\/en\/wp-json\/wp\/v2\/product_tag?post=37453"}],"curies":[{"name":"wp","href":"https:\/\/api.w.org\/{rel}","templated":true}]}}