{"id":3525,"date":"2016-12-29T14:25:04","date_gmt":"2016-12-29T12:25:04","guid":{"rendered":"http:\/\/xn--meine-alte-haustr-i3b.de\/produkt\/fahrstuhlverkleidung-modell-hamburg\/"},"modified":"2022-06-24T06:39:41","modified_gmt":"2022-06-24T04:39:41","slug":"fahrstuhlverkleidung-modell-hamburg","status":"publish","type":"product","link":"https:\/\/xn--meine-alte-haustr-i3b.de\/en\/product\/fahrstuhlverkleidung-modell-hamburg\/","title":{"rendered":"Fahrstuhlverkleidung Modell Hamburg"},"content":{"rendered":"<p>Fahrstuhlverkleidung Modell Hamburg. Oft sieht man in Seniorenheimen monotone G\u00e4nge, mit Zimmert\u00fcren, B\u00fcrot\u00fcren, Poetz\/ Abstellraumt\u00fcren und Fahrstuhlt\u00fcren, und am liebsten alles in eine Farbe. Um die Monotonie zu durchbrechen, und die G\u00e4ngen lebhafter, fr\u00f6hlicher, gem\u00fctlicher oder mit einem Thema auszustatten haben wir viele Themen und M\u00f6glichkeiten. Alle Themen die Sie hierunter sehen, k\u00f6nnen sowohl auf Zimmert\u00fcren, B\u00fcrot\u00fcren, und Poetz\/ Abstellraumt\u00fcren hergestellt werden.<\/p>\n<p>Zum Beispiel: \u00a0 Wald \u2013 st\u00e4dtischen Sehensw\u00fcrdigkeiten &#8211; st\u00e4dtischen Wahrzeichen \u2013 Abstrakt \u2013 Graffiti &#8211; Happy Doors\u00a0 und vieles mehr.<\/p>\n<p>Steht ein Thema nicht in unsere Auswahl, schreiben sie uns einfach und sagen uns welches Thema Sie suchen f\u00fcr Zimmert\u00fcren, B\u00fcrot\u00fcren, Poetz\/ Abstellraumt\u00fcren und Fahrstuhlt\u00fcren.<\/p>\n<p style=\"text-align: left;\"><a href=\"http:\/\/xn--meine-alte-haustr-i3b.de\/wp-content\/uploads\/2016\/12\/Modell-Hamburg-jpg.jpg\"><img loading=\"lazy\" decoding=\"async\" class=\"alignleft size-medium wp-image-3526\" src=\"http:\/\/xn--meine-alte-haustr-i3b.de\/wp-content\/uploads\/2016\/12\/Modell-Hamburg-jpg-266x300.jpg\" alt=\"\" width=\"266\" height=\"300\" srcset=\"https:\/\/xn--meine-alte-haustr-i3b.de\/wp-content\/uploads\/2016\/12\/Modell-Hamburg-jpg-266x300.jpg 266w, https:\/\/xn--meine-alte-haustr-i3b.de\/wp-content\/uploads\/2016\/12\/Modell-Hamburg-jpg-416x469.jpg 416w, https:\/\/xn--meine-alte-haustr-i3b.de\/wp-content\/uploads\/2016\/12\/Modell-Hamburg-jpg.jpg 635w\" sizes=\"auto, (max-width: 266px) 100vw, 266px\" \/><\/a><\/p>","protected":false},"excerpt":{"rendered":"<p style=\"text-align: center;\"><strong><span style=\"color: #0000ff;\">All unsere Fahrstuhlverkleidung werden Standard Laminiert.<\/span> <\/strong><\/p>\n<p>Laminieren = eine extra strapazierf\u00e4hige Folien wird zus\u00e4tzlich \u00fcber das Bild angebracht.<\/p>\n<p>Extra Schutz beim gegen fahren von Rollators oder <span id=\"result_box\" class=\"short_text\" lang=\"de\"><span class=\"\">Rollst\u00fchle.\u00a0<\/span><\/span><\/p>\n<p><a href=\"http:\/\/xn--meine-alte-haustr-i3b.de\/wp-content\/uploads\/2016\/12\/Massen-Fahrstuhlt\u00fcr.jpg\"><img loading=\"lazy\" decoding=\"async\" class=\"size-medium wp-image-3383 alignleft\" src=\"http:\/\/xn--meine-alte-haustr-i3b.de\/wp-content\/uploads\/2016\/12\/Massen-Fahrstuhlt\u00fcr-300x225.jpg\" alt=\"\" width=\"300\" height=\"225\" srcset=\"https:\/\/xn--meine-alte-haustr-i3b.de\/wp-content\/uploads\/2016\/12\/Massen-Fahrstuhlt\u00fcr-300x225.jpg 300w, https:\/\/xn--meine-alte-haustr-i3b.de\/wp-content\/uploads\/2016\/12\/Massen-Fahrstuhlt\u00fcr-416x312.jpg 416w, https:\/\/xn--meine-alte-haustr-i3b.de\/wp-content\/uploads\/2016\/12\/Massen-Fahrstuhlt\u00fcr-768x576.jpg 768w, https:\/\/xn--meine-alte-haustr-i3b.de\/wp-content\/uploads\/2016\/12\/Massen-Fahrstuhlt\u00fcr.jpg 960w\" sizes=\"auto, (max-width: 300px) 100vw, 300px\" \/><\/a><\/p>\n<p>&nbsp;<\/p>\n<p>&nbsp;<\/p>\n<p>&nbsp;<\/p>\n<p>&nbsp;<\/p>\n<p>&nbsp;<\/p>\n<p>&nbsp;<\/p>\n<p style=\"text-align: center;\">Bitte tragen Sie die Ma\u00dfen in Formular ein<\/p>\n<p style=\"text-align: center;\"><a href=\"http:\/\/xn--meine-alte-haustr-i3b.de\/en\/massen-der-fahrstuhltuer\/\"><span style=\"color: #3366ff;\">Formular<\/span> <\/a><\/p>\n<p style=\"text-align: center;\">Nachdem Sie das Formular ausgef\u00fcllt haben drucken Sie auf &#8222;In den Warenkorb&#8220;<\/p>","protected":false},"featured_media":20723,"comment_status":"open","ping_status":"closed","template":"","meta":{"sfsi_plus_gutenberg_text_before_share":"","sfsi_plus_gutenberg_show_text_before_share":"","sfsi_plus_gutenberg_icon_type":"","sfsi_plus_gutenberg_icon_alignemt":"","sfsi_plus_gutenburg_max_per_row":"","editor_plus_copied_stylings":"{}","_exactmetrics_skip_tracking":false,"_exactmetrics_sitenote_active":false,"_exactmetrics_sitenote_note":"","_exactmetrics_sitenote_category":0,"_uf_show_specific_survey":0,"_uf_disable_surveys":false},"product_brand":[],"product_cat":[175],"product_tag":[],"class_list":{"0":"post-3525","1":"product","2":"type-product","3":"status-publish","4":"has-post-thumbnail","6":"product_cat-fahrstuhl-verkleidungen","7":"product_shipping_class-rolle-versand","9":"first","10":"instock","11":"taxable","12":"shipping-taxable","13":"purchasable","14":"product-type-simple"},"_links":{"self":[{"href":"https:\/\/xn--meine-alte-haustr-i3b.de\/en\/wp-json\/wp\/v2\/product\/3525","targetHints":{"allow":["GET"]}}],"collection":[{"href":"https:\/\/xn--meine-alte-haustr-i3b.de\/en\/wp-json\/wp\/v2\/product"}],"about":[{"href":"https:\/\/xn--meine-alte-haustr-i3b.de\/en\/wp-json\/wp\/v2\/types\/product"}],"replies":[{"embeddable":true,"href":"https:\/\/xn--meine-alte-haustr-i3b.de\/en\/wp-json\/wp\/v2\/comments?post=3525"}],"wp:featuredmedia":[{"embeddable":true,"href":"https:\/\/xn--meine-alte-haustr-i3b.de\/en\/wp-json\/wp\/v2\/media\/20723"}],"wp:attachment":[{"href":"https:\/\/xn--meine-alte-haustr-i3b.de\/en\/wp-json\/wp\/v2\/media?parent=3525"}],"wp:term":[{"taxonomy":"product_brand","embeddable":true,"href":"https:\/\/xn--meine-alte-haustr-i3b.de\/en\/wp-json\/wp\/v2\/product_brand?post=3525"},{"taxonomy":"product_cat","embeddable":true,"href":"https:\/\/xn--meine-alte-haustr-i3b.de\/en\/wp-json\/wp\/v2\/product_cat?post=3525"},{"taxonomy":"product_tag","embeddable":true,"href":"https:\/\/xn--meine-alte-haustr-i3b.de\/en\/wp-json\/wp\/v2\/product_tag?post=3525"}],"curies":[{"name":"wp","href":"https:\/\/api.w.org\/{rel}","templated":true}]}}