{"id":21535,"date":"2019-08-01T03:54:24","date_gmt":"2019-08-01T01:54:24","guid":{"rendered":"https:\/\/xn--meine-alte-haustr-i3b.de\/?post_type=product&#038;p=21535"},"modified":"2022-06-24T06:22:14","modified_gmt":"2022-06-24T04:22:14","slug":"tuerverkleidung-modell-715-2","status":"publish","type":"product","link":"https:\/\/xn--meine-alte-haustr-i3b.de\/en\/product\/tuerverkleidung-modell-715-2\/","title":{"rendered":"T\u00fcrverkleidung Modell 715-2"},"content":{"rendered":"<p>Senioren \u00f6ffnen oft T\u00fcren in Heim die Sie nicht \u00f6ffnen sollten, Sie sehen keine unterschieden zwischen T\u00fcren die sie nicht \u00f6ffnen d\u00fcrfen und T\u00fcren die sie \u00f6ffnen d\u00fcrfen. Dies kann gef\u00e4hrlichen folgen haben, oder unerw\u00fcnschte Reaktionen aufrufen. Tarnen Sie diese T\u00fcren so, dass der Senior die T\u00fcr nicht mehr erkennt als T\u00fcr.<\/p>\n<p>T\u00fcrverkleidung zum Renovieren alter T\u00fcren wo Senioren nicht reingehen d\u00fcrfen, zum Beispiel Treppenhaust\u00fcren. Oder zum Bekleben von neuen T\u00fcren, sind in Punkto Preis, Montagezeit einfach unschlagbar. Senioren laufen keine Gefahr mehr durch das \u00d6ffnen von T\u00fcren wo sie kein Zugang zu haben sollte. Die Abteilung strahlt eine besondere Ausstrahlung aus.<\/p>\n<p>Die Vorteile von Klebetechnik gegen\u00fcber neu anstreichen sind;<\/p>\n<ul>\n<li>\u00a0 Kein Abkleben von Wand und B\u00f6den.<\/li>\n<li>\u00a0 Kein Staub, kein L\u00e4rm.<\/li>\n<li>\u00a0 Garantiert blasenfreie Verklebung.<\/li>\n<li>\u00a0 Innerhalb einen Tag fertig.<\/li>\n<li>\u00a0 Kratz unempfindlich und reinigungsfreundlich.<\/li>\n<li>\u00a0 Keine stinkenden Lack-d\u00e4mpfe, und keine Lackspritzer.<\/li>\n<li>\u00a0 Keine Bel\u00e4stigung f\u00fcr Senioren.<\/li>\n<li>\u00a0 Keine Handwerker n\u00f6tig, weniger Kosten f\u00fcr An\/Abfahrt.<\/li>\n<\/ul>\n<p>&nbsp;<\/p>\n<p>Wir liefern T\u00fcrverkleidungen f\u00fcr T\u00fcren mit eine, zwei, drei oder vier Glasscheiben.<\/p>\n<p>Diese Designs werden mit einem Hochleistungsdrucker in Fotoqualit\u00e4t bedruckt und in einem speziellen Beschichtungsverfahren mit einer Schutzfolie laminiert.<\/p>\n<p>Hierdurch ist die Folie Kratz unempfindlich.<\/p>\n<p>Verschmutzungen sind kinderleicht zu entfernen, selbst mit L\u00f6semittel.<\/p>\n<p>Selbstverst\u00e4ndlich erf\u00fcllen al unsere Folien die <strong>Brandschutzklasse B1<\/strong>.<\/p>\n<p>All unsere T\u00fcrverkleidungen erf\u00fcllen die Brandschutz Richtlinie, <span style=\"color: #3366ff;\"><a style=\"color: #3366ff;\" href=\"http:\/\/xn--meine-alte-haustr-i3b.de\/en\/brandschutz-richtlinie-din-4102-b1\/\" target=\"_blank\" rel=\"noopener noreferrer\">DIN-Norm 4102-1 B1.<\/a><\/span><\/p>\n<p><em><strong>\u00a0<\/strong><\/em><\/p>\n<p><em>\u00a0<\/em><\/p>","protected":false},"excerpt":{"rendered":"<p>Sehr geehrter Kunde,<\/p>\n<p>um den Preis zu ermitteln, ben\u00f6tigen wir einige Gr\u00f6\u00dfen.<br \/>\nDr\u00fccken Sie unten auf \u201eWelche Gr\u00f6\u00dfen Messen\u201c und Sie sehen, welche Gr\u00f6\u00dfen wir ben\u00f6tigen.<\/p>\n<p>&nbsp;<\/p>\n<p><a href=\"https:\/\/xn--meine-alte-haustr-i3b.de\/wp-content\/uploads\/2019\/07\/Massen.jpg\"><img loading=\"lazy\" decoding=\"async\" class=\"alignleft wp-image-43041\" title=\"Welche Gr\u00f6\u00dfen messen\" src=\"https:\/\/xn--meine-alte-haustr-i3b.de\/wp-content\/uploads\/2019\/07\/admin-ajax-300x300.png\" alt=\"\" width=\"150\" height=\"150\" srcset=\"https:\/\/xn--meine-alte-haustr-i3b.de\/wp-content\/uploads\/2019\/07\/admin-ajax-300x300.png 300w, https:\/\/xn--meine-alte-haustr-i3b.de\/wp-content\/uploads\/2019\/07\/admin-ajax-150x150.png 150w, https:\/\/xn--meine-alte-haustr-i3b.de\/wp-content\/uploads\/2019\/07\/admin-ajax-324x324.png 324w, https:\/\/xn--meine-alte-haustr-i3b.de\/wp-content\/uploads\/2019\/07\/admin-ajax-100x100.png 100w, https:\/\/xn--meine-alte-haustr-i3b.de\/wp-content\/uploads\/2019\/07\/admin-ajax.png 400w\" sizes=\"auto, (max-width: 150px) 100vw, 150px\" \/><\/a><\/p>\n<p>&nbsp;<\/p>\n<p>&nbsp;<\/p>\n<p><a href=\"https:\/\/xn--meine-alte-haustr-i3b.de\/wp-content\/uploads\/2019\/07\/Massen.jpg\">\u00a0Welche Gr\u00f6\u00dfen messen<\/a><\/p>\n<p>&nbsp;<\/p>","protected":false},"featured_media":21549,"comment_status":"open","ping_status":"closed","template":"","meta":{"sfsi_plus_gutenberg_text_before_share":"","sfsi_plus_gutenberg_show_text_before_share":"","sfsi_plus_gutenberg_icon_type":"","sfsi_plus_gutenberg_icon_alignemt":"","sfsi_plus_gutenburg_max_per_row":"","editor_plus_copied_stylings":"{}","_exactmetrics_skip_tracking":false,"_exactmetrics_sitenote_active":false,"_exactmetrics_sitenote_note":"","_exactmetrics_sitenote_category":0,"_uf_show_specific_survey":0,"_uf_disable_surveys":false},"product_brand":[],"product_cat":[189],"product_tag":[],"class_list":{"0":"post-21535","1":"product","2":"type-product","3":"status-publish","4":"has-post-thumbnail","6":"product_cat-tuerverkleidung-mit-2-glasscheiben","7":"product_shipping_class-rolle-versand","9":"first","10":"instock","11":"taxable","12":"shipping-taxable","13":"purchasable","14":"product-type-simple"},"_links":{"self":[{"href":"https:\/\/xn--meine-alte-haustr-i3b.de\/en\/wp-json\/wp\/v2\/product\/21535","targetHints":{"allow":["GET"]}}],"collection":[{"href":"https:\/\/xn--meine-alte-haustr-i3b.de\/en\/wp-json\/wp\/v2\/product"}],"about":[{"href":"https:\/\/xn--meine-alte-haustr-i3b.de\/en\/wp-json\/wp\/v2\/types\/product"}],"replies":[{"embeddable":true,"href":"https:\/\/xn--meine-alte-haustr-i3b.de\/en\/wp-json\/wp\/v2\/comments?post=21535"}],"wp:featuredmedia":[{"embeddable":true,"href":"https:\/\/xn--meine-alte-haustr-i3b.de\/en\/wp-json\/wp\/v2\/media\/21549"}],"wp:attachment":[{"href":"https:\/\/xn--meine-alte-haustr-i3b.de\/en\/wp-json\/wp\/v2\/media?parent=21535"}],"wp:term":[{"taxonomy":"product_brand","embeddable":true,"href":"https:\/\/xn--meine-alte-haustr-i3b.de\/en\/wp-json\/wp\/v2\/product_brand?post=21535"},{"taxonomy":"product_cat","embeddable":true,"href":"https:\/\/xn--meine-alte-haustr-i3b.de\/en\/wp-json\/wp\/v2\/product_cat?post=21535"},{"taxonomy":"product_tag","embeddable":true,"href":"https:\/\/xn--meine-alte-haustr-i3b.de\/en\/wp-json\/wp\/v2\/product_tag?post=21535"}],"curies":[{"name":"wp","href":"https:\/\/api.w.org\/{rel}","templated":true}]}}