{"id":117559,"date":"2024-12-26T13:01:34","date_gmt":"2024-12-26T11:01:34","guid":{"rendered":"https:\/\/xn--meine-alte-haustr-i3b.de\/?post_type=product&#038;p=117559"},"modified":"2024-12-26T13:02:51","modified_gmt":"2024-12-26T11:02:51","slug":"klebe-tuer-modell-169","status":"publish","type":"product","link":"https:\/\/xn--meine-alte-haustr-i3b.de\/en\/product\/klebe-tuer-modell-169\/","title":{"rendered":"Klebe T\u00fcr Modell 169"},"content":{"rendered":"<p>Meine alte Haust\u00fcr Klebe T\u00fcr ist eine einfache und Kreative Innovation. Die vorhandenen T\u00fcren des Heimes werden so mit Folie beklebt, dass sie genauso aussehen, wie die ehemalige Haust\u00fcre der Heimbewohner. Ist die alte Haust\u00fcr nicht zu Verf\u00fcgung dann k\u00f6nnen Sie eine T\u00fcr aus unserer Galerie w\u00e4hlen. Projekte, in verschiedenen Pflegeheimen, haben gezeigt, dass dieses Projekt &#8222;Meine alte Haust\u00fcr&#8220; als gro\u00dfer Erfolg eingestuft werden kann.<\/p>\n<p><strong>H\u00e4ufig gestellte Fragen;<\/strong><\/p>\n<p>Was wenn man eine T\u00fcr beklebt hat mit einer ehemaligen Haust\u00fcre der Heimbewohner die verstorben ist ? Dass Pr\u00edncipe dieser Idee ist das jeder Senior seine eine eigene T\u00fcr hat, das zu seiner Orientierung um sein eigenes Zimmer zu finden, und zu Verbesserung seine Privatsph\u00e4re.<\/p>\n<p>Dass Pr\u00edncipe \u00e4ndert sich nicht, wenn einen neuen Bewohner ein Zimmer bekommt von einem verstorbenen Mitbewohner.<\/p>\n<p><strong>F\u00fcr die Sicherheit der Senioren haben wir noch mehr Produkten entwickelt, zum Beispiel;<\/strong><\/p>\n<p>Optische Fenster, Monotone G\u00e4nge werden umgewandelt zu einem sicheren Orientierungspunkt und visuell f\u00fcr Demenzkranke erweitert. F\u00fcr die Demenzkranken bietet sich ein viel offeneres Bild und zus\u00e4tzlich ist es ein Erkennungspunkt, wo sie sich im Haus befinden. Optische Fenster eignen sich hervorragend f\u00fcr die Zimmer der Senioren, da oftmals nicht viele Fenster vorhanden sind. Der Raum strahlt mehr Gem\u00fctlichkeit und H\u00e4uslichkeit aus. Hier geht\u2019s zu\u00a0 <a href=\"https:\/\/meine-alte-haust\u00fcr.de\/optische-fenster\/\">Optische Fenster<\/a><\/p>\n<p>Jeder kennt es und jedem ist es sicherlich schon einmal passiert. Man ist Zuhause \u00fcber einen Teppich gestolpert oder mit der Seite gegen eine Schrankecke gelaufen. Daf\u00fcr muss man eigentlich nicht mal zum \u00e4lteren Eisen geh\u00f6ren. Das Ende solche Unf\u00e4lle sind dann meist Sch\u00fcrfwunden oder blaue Flecke. Aber es geht noch schlimmer. St\u00fcrze bei Menschen \u00fcber 65 Jahren k\u00f6nnen sogar t\u00f6dlich enden. Kaum vorstellbar. Es ist also nicht verkehrt, die eigene Wohnung einmal auf unliebsamem Stolperfallen abzusuchen. M\u00f6chten Sie nicht auf die Ausstrahlung von Teppiche verzichten ? dann k\u00f6nnten Klebe Teppichen von Meine alte Haust\u00fcr die L\u00f6sung sein. Hier geht es zu <a href=\"https:\/\/meine-alte-haust\u00fcr.de\/klebe-teppiche\/\">Klebe Teppichen<\/a><\/p>\n<p>Optischen Barrieren; \u00a0Die optischen Barrieren von \u201eMeiner alte Haust\u00fcr\u201c \u00a0lassen weite Ausblicke zu, signalisieren Demenzerkrankten aber gleichzeitig: Stopp \u2013 hier geht es nicht weiter. Es gibt sehr viele Hintergrund Motive die wir anbieten k\u00f6nnen, und sie k\u00f6nnen aus 7 Z\u00e4unen w\u00e4hlen. Wir machen aus einer T\u00fcr ein t\u00e4uschend echtes Hindernis, ohne die Bewohner in ihrer Freiheit einzuschr\u00e4nken oder die Sicherheit im Haus zu gef\u00e4hrden. Hier geht es zu <a href=\"https:\/\/meine-alte-haust\u00fcr.de\/klebe-fenster-motive-fuer-wand-und-tueren\/\">Optischen Barrieren<\/a><\/p>\n<p>Weitere Produkten finden Sie in unsere Webshop, hier geht\u2019s es zu <a href=\"https:\/\/meine-alte-haust\u00fcr.de\/winkel\/\">Webshop.<\/a><\/p>\n<p>&nbsp;<\/p>\n<p><em>\u00a0<\/em><\/p>","protected":false},"excerpt":{"rendered":"<p><strong>Sie haben noch eine Frage ?\u00a0 <a href=\"\/en\/m&\/#97;&#x69;&#x6c;t&#111;&#x3a;&#x69;n&#102;&#x6f;&#x40;x&#110;&#x2d;&#x2d;m&#101;&#x69;&#x6e;e&#45;&#97;&#x6c;&#x74;e&#45;&#x68;&#x61;u&#115;&#x74;&#x72;-&#105;&#x33;&#x62;&#46;&#100;&#x65;?subject= Ich habe eine Frage\">\u00a0( hier drucken )<\/a><br \/>\n<\/strong><\/p>\n<p><a href=\"\/en\/mailto&\/#58;&#105;&#110;&#102;&#111;&#64;&#120;&#x6e;&#x2d;&#x2d;&#x6d;&#x65;&#x69;&#x6e;&#x65;&#x2d;&#x61;&#x6c;&#x74;e-haus&#116;&#114;&#45;&#105;&#51;&#98;&#46;&#x64;&#x65;?subject= Ich habe eine Frage\">\u00a0<\/a><a href=\"https:\/\/meine-alte-haust\u00fcr.de\/klebetueren-bis-108-cm\/4c2252\/\">\u27a4 Gehe zu meiner Wunschliste <\/a><\/p>\n<h6><strong><em>Klicken Sie auf das Herz unten, um das Produkt zu Ihrer Wunschliste hinzuzuf\u00fcgen<\/em><\/strong><\/h6>","protected":false},"featured_media":117560,"comment_status":"open","ping_status":"closed","template":"","meta":{"sfsi_plus_gutenberg_text_before_share":"","sfsi_plus_gutenberg_show_text_before_share":"","sfsi_plus_gutenberg_icon_type":"","sfsi_plus_gutenberg_icon_alignemt":"","sfsi_plus_gutenburg_max_per_row":"","editor_plus_copied_stylings":"{}","_exactmetrics_skip_tracking":false,"_exactmetrics_sitenote_active":false,"_exactmetrics_sitenote_note":"","_exactmetrics_sitenote_category":0,"_uf_show_specific_survey":0,"_uf_disable_surveys":false},"product_brand":[],"product_cat":[195],"product_tag":[],"class_list":{"0":"post-117559","1":"product","2":"type-product","3":"status-publish","4":"has-post-thumbnail","6":"product_cat-klebetueren-ab-108-cm-breite","7":"product_shipping_class-rolle-versand","9":"first","10":"instock","11":"featured","12":"downloadable","13":"virtual","14":"taxable","15":"product-type-simple"},"_links":{"self":[{"href":"https:\/\/xn--meine-alte-haustr-i3b.de\/en\/wp-json\/wp\/v2\/product\/117559","targetHints":{"allow":["GET"]}}],"collection":[{"href":"https:\/\/xn--meine-alte-haustr-i3b.de\/en\/wp-json\/wp\/v2\/product"}],"about":[{"href":"https:\/\/xn--meine-alte-haustr-i3b.de\/en\/wp-json\/wp\/v2\/types\/product"}],"replies":[{"embeddable":true,"href":"https:\/\/xn--meine-alte-haustr-i3b.de\/en\/wp-json\/wp\/v2\/comments?post=117559"}],"wp:featuredmedia":[{"embeddable":true,"href":"https:\/\/xn--meine-alte-haustr-i3b.de\/en\/wp-json\/wp\/v2\/media\/117560"}],"wp:attachment":[{"href":"https:\/\/xn--meine-alte-haustr-i3b.de\/en\/wp-json\/wp\/v2\/media?parent=117559"}],"wp:term":[{"taxonomy":"product_brand","embeddable":true,"href":"https:\/\/xn--meine-alte-haustr-i3b.de\/en\/wp-json\/wp\/v2\/product_brand?post=117559"},{"taxonomy":"product_cat","embeddable":true,"href":"https:\/\/xn--meine-alte-haustr-i3b.de\/en\/wp-json\/wp\/v2\/product_cat?post=117559"},{"taxonomy":"product_tag","embeddable":true,"href":"https:\/\/xn--meine-alte-haustr-i3b.de\/en\/wp-json\/wp\/v2\/product_tag?post=117559"}],"curies":[{"name":"wp","href":"https:\/\/api.w.org\/{rel}","templated":true}]}}