{"id":86,"date":"2016-03-11T19:12:38","date_gmt":"2016-03-11T19:12:38","guid":{"rendered":"http:\/\/xn--meine-alte-haustr-i3b.de\/?page_id=86"},"modified":"2019-08-31T11:49:29","modified_gmt":"2019-08-31T11:49:29","slug":"ueber-uns","status":"publish","type":"page","link":"https:\/\/xn--meine-alte-haustr-i3b.de\/en\/ueber-uns\/","title":{"rendered":"\u00dcber uns"},"content":{"rendered":"<p><strong>Ein paar Realisierte Projekten, fragen Sie unseren Kunden .<\/strong><\/p>\n<p>Drucken Sie rechts oben auf\u00a0 um das Bild zu vergr\u00f6\u00dfern.\u00a0\u00a0\u00a0\u00a0\u00a0\u00a0\u00a0\u00a0\u00a0\u00a0 \u00a0 \u00a0 \u00a0\u00a0\u00a0\u00a0\u00a0 \u21d3<\/p>\n[wpgmza id=&#8220;3&#8243;]\n<p>&nbsp;<\/p>\n[wp-review id=&#8220;11141&#8243;]\n<h3><strong>Innovationen und Produkten f\u00fcr ein sicheres und einfacheres Leben von Senioren.<\/strong><\/h3>\n<p><img loading=\"lazy\" decoding=\"async\" class=\"Meine alte Haust\u00fcr alignleft wp-image-15 \" title=\"Meine alte Haust\u00fcr\" src=\"http:\/\/xn--meine-alte-haustr-i3b.de\/wp-content\/uploads\/2016\/03\/opa.png\" alt=\"Meine alte Haust\u00fcr\" width=\"169\" height=\"169\" srcset=\"https:\/\/xn--meine-alte-haustr-i3b.de\/wp-content\/uploads\/2016\/03\/opa.png 150w, https:\/\/xn--meine-alte-haustr-i3b.de\/wp-content\/uploads\/2016\/03\/opa-100x100.png 100w\" sizes=\"auto, (max-width: 169px) 100vw, 169px\" \/><\/p>\n<p>Wenn alte Menschen in ein Seniorenwohnheim oder eine neue Wohnung umziehen, haben sie oft Probleme sich in dieser neuen Heimat wohl zu f\u00fchlen. F\u00fcr Menschen mit Demenz ist dies noch bedeutend schwieriger, weil die neue Umgebung ihnen nur wenige oder keine bekannten Anhaltspunkte bietet. Sie f\u00fchlen sich eher wohl, wenn sie sich mit bekannten Dingen umgeben k\u00f6nnen. Die hier erh\u00e4ltlichen Produkten von \u00bb<a href=\"http:\/\/meine-alte-haust\u00fcr.de\/hilfsmittel-fuer-senioren\/\">Meine alte Haust\u00fcr<\/a>\u00ab k\u00f6nnen dazu beitragen.<\/p>\n<p>Wenn \u00c4ltere aufgrund k\u00f6rperlicher oder geistiger Probleme in ein Pflegeheim kommen, ist dies oft schwierig. Sie sollen sich in einer fremden Umgebung und umgeben von Unbekannten zu Hause f\u00fchlen. F\u00fcr \u00e4ltere Menschen mit Demenz ist das besonders schwierig, weil das Fehlen von Orientierungspunkten sie verwirrt und \u00e4ngstigt. Mehrere Studien haben gezeigt, da\u00df der Wunsch sich zu Hause zu f\u00fchlen nicht abnimmt, auch wenn die Krankheit fortschreitet. Mit unseren Klebet\u00fcren wollen wir einen Beitrag zum Wohlf\u00fchlen liefern.<\/p>\n<h3><a href=\"https:\/\/xn--meine-alte-haustr-i3b.de\/wp-content\/uploads\/2017\/11\/mh007.jpg\"><img loading=\"lazy\" decoding=\"async\" class=\"alignleft wp-image-9359 size-medium\" title=\"Zum vergr\u00f6\u00dfern drucken Sie auf das Bild\" src=\"https:\/\/xn--meine-alte-haustr-i3b.de\/wp-content\/uploads\/2017\/11\/mh007-145x300.jpg\" alt=\"12\" width=\"145\" height=\"300\" srcset=\"https:\/\/xn--meine-alte-haustr-i3b.de\/wp-content\/uploads\/2017\/11\/mh007-145x300.jpg 145w, https:\/\/xn--meine-alte-haustr-i3b.de\/wp-content\/uploads\/2017\/11\/mh007-416x863.jpg 416w, https:\/\/xn--meine-alte-haustr-i3b.de\/wp-content\/uploads\/2017\/11\/mh007.jpg 482w\" sizes=\"auto, (max-width: 145px) 100vw, 145px\" \/><\/a><strong>Klebe T\u00fcren<\/strong><\/h3>\n<p>Meine alte Haust\u00fcr ist eine einfache und Kreative Innovation. Die vorhandenen T\u00fcren des Heimes werden so mit Folie beklebt, dass sie genauso aussehen, wie die ehemalige Haust\u00fcre der Heimbewohner, oder Sie w\u00e4hlen eine T\u00fcr aus der Gallery, hier finden Sie <a href=\"https:\/\/xn--meine-alte-haustr-i3b.de\/klebetueren-bis-108-cm\/\" target=\"_blank\" rel=\"noopener noreferrer\">T\u00fcren bis 108<\/a> cm Breite und <a href=\"https:\/\/xn--meine-alte-haustr-i3b.de\/klebetueren-ab-108-cm-breite\/\" target=\"_blank\" rel=\"noopener noreferrer\">T\u00fcren Breiter als 108 cm<\/a>. Auf diese Art helfen Sie die Senioren sich besser zu orientieren in Heim und das finden ihres Zimmers. Auch die Privatsph\u00e4re nimmt stark zu, jeder hat eine eigene T\u00fcr, man lauft nicht mehr so einfach eine T\u00fcr hinein.<\/p>\n<p>Projekte, in verschiedenen Pflegeheimen, haben gezeigt, dass dieses Projekt als gro\u00dfer Erfolg eingestuft werden kann, und es ist eine gro\u00dfe Hilfe f\u00fcr Senioren mit Demenz. Sehe auch das Video rechts \u201e<a href=\"https:\/\/youtu.be\/KPVffeHmdsE\" target=\"_blank\" rel=\"noopener noreferrer\">Klebet\u00fcren Galerie<\/a>\u201c<\/p>\n<p>&nbsp;<\/p>\n<p>&nbsp;<\/p>\n<p>&nbsp;<\/p>\n<p><strong>Sie haben eine Frage \u00fcber Klebet\u00fcren ? Drucken Sie hier<\/strong> ; <a href=\"mai&#108;&#116;&#111;&#58;&#x69;&#x6e;&#x66;&#x6f;&#x40;&#x78;&#x6e;--m&#101;&#105;&#110;&#101;&#45;&#x61;&#x6c;&#x74;&#x65;&#x2d;&#x68;aust&#114;&#45;&#105;&#51;&#x62;&#x2e;&#x64;&#x65;?subject=Ich habe eine Frage \u00fcber Klebet\u00fcren \"> Ich habe eine Frage <\/a><\/p>\n<h3><a href=\"https:\/\/xn--meine-alte-haustr-i3b.de\/wp-content\/uploads\/2017\/11\/Modell-700-1e-links.jpg\"><img loading=\"lazy\" decoding=\"async\" class=\"alignleft wp-image-9371\" title=\"Zum vergr\u00f6\u00dfern drucken Sie auf das Bild\" src=\"http:\/\/xn--meine-alte-haustr-i3b.de\/wp-content\/uploads\/2017\/11\/Modell-700-1e-links-160x300.jpg\" alt=\"\" width=\"143\" height=\"268\" srcset=\"https:\/\/xn--meine-alte-haustr-i3b.de\/wp-content\/uploads\/2017\/11\/Modell-700-1e-links-160x300.jpg 160w, https:\/\/xn--meine-alte-haustr-i3b.de\/wp-content\/uploads\/2017\/11\/Modell-700-1e-links-416x778.jpg 416w, https:\/\/xn--meine-alte-haustr-i3b.de\/wp-content\/uploads\/2017\/11\/Modell-700-1e-links-768x1436.jpg 768w, https:\/\/xn--meine-alte-haustr-i3b.de\/wp-content\/uploads\/2017\/11\/Modell-700-1e-links-548x1024.jpg 548w, https:\/\/xn--meine-alte-haustr-i3b.de\/wp-content\/uploads\/2017\/11\/Modell-700-1e-links.jpg 1095w\" sizes=\"auto, (max-width: 143px) 100vw, 143px\" \/><\/a><strong>T\u00fcrverkleidung<\/strong><\/h3>\n<p>Wieviel T\u00fcren gibt es wo Senioren nicht reingehen d\u00fcrfen, Treppenhaus, Abstellraum, Reinigungsraum und viele mehr. Was passiert wenn Sie doch rein gehen? Sturz, \u00a0Vergiftung, Verletzungen. Um dies zu vermeiden haben wir T\u00fcrverkleidungen entwickelt sodass diese T\u00fcren nicht mehr zu erkennen sind als T\u00fcren. Auf diese Art sch\u00fctzen Sie Ihre Senioren f\u00fcr viel gefahren und bieten Sicherheit auf Ihre Abteilungen.<\/p>\n<p>Projekte, in verschiedenen Pflegeheimen, haben gezeigt, dass dieses Projekt als gro\u00dfer Erfolg eingestuft werden kann, und es ist eine gro\u00dfe Hilfe f\u00fcr Senioren mit Demenz. Sehe auch das Video \u201e<a href=\"https:\/\/youtu.be\/mclAD6VlCKM\" target=\"_blank\" rel=\"noopener noreferrer\">T\u00fcrverkleidungen Galerie<\/a>\u201c<\/p>\n<p>&nbsp;<\/p>\n<p>&nbsp;<\/p>\n<p><strong>Sie haben eine Frage \u00fcber T\u00fcrverkleidung ? Drucken Sie hier<\/strong> ; <a href=\"&#x6d;&#x61;&#x69;&#x6c;&#116;&#111;:in&#x66;&#x6f;&#x40;&#x78;&#110;&#45;-me&#x69;&#x6e;&#x65;&#x2d;&#97;&#108;&#116;e-&#x68;&#x61;&#x75;&#x73;&#116;&#114;&#45;i3&#x62;&#x2e;&#x64;&#x65;?subject=Ich habe eine Frage \u00fcber T\u00fcrverkleidung \"> Ich habe eine Frage <\/a><\/p>\n<h3><a href=\"https:\/\/xn--meine-alte-haustr-i3b.de\/wp-content\/uploads\/2019\/08\/Dia14-16.jpg\"><img loading=\"lazy\" decoding=\"async\" class=\"alignleft wp-image-25865\" src=\"https:\/\/xn--meine-alte-haustr-i3b.de\/wp-content\/uploads\/2019\/08\/Dia14-16-218x300.jpg\" alt=\"\" width=\"198\" height=\"272\" srcset=\"https:\/\/xn--meine-alte-haustr-i3b.de\/wp-content\/uploads\/2019\/08\/Dia14-16-218x300.jpg 218w, https:\/\/xn--meine-alte-haustr-i3b.de\/wp-content\/uploads\/2019\/08\/Dia14-16-416x572.jpg 416w, https:\/\/xn--meine-alte-haustr-i3b.de\/wp-content\/uploads\/2019\/08\/Dia14-16.jpg 524w\" sizes=\"auto, (max-width: 198px) 100vw, 198px\" \/><\/a> <a href=\"https:\/\/xn--meine-alte-haustr-i3b.de\/wp-content\/uploads\/2019\/08\/Optisches-Fenster-Modell-10-74480302.jpg\"><img loading=\"lazy\" decoding=\"async\" class=\"alignleft wp-image-25866\" src=\"https:\/\/xn--meine-alte-haustr-i3b.de\/wp-content\/uploads\/2019\/08\/Optisches-Fenster-Modell-10-74480302-224x300.jpg\" alt=\"\" width=\"203\" height=\"272\" srcset=\"https:\/\/xn--meine-alte-haustr-i3b.de\/wp-content\/uploads\/2019\/08\/Optisches-Fenster-Modell-10-74480302-224x300.jpg 224w, https:\/\/xn--meine-alte-haustr-i3b.de\/wp-content\/uploads\/2019\/08\/Optisches-Fenster-Modell-10-74480302-416x557.jpg 416w, https:\/\/xn--meine-alte-haustr-i3b.de\/wp-content\/uploads\/2019\/08\/Optisches-Fenster-Modell-10-74480302.jpg 560w\" sizes=\"auto, (max-width: 203px) 100vw, 203px\" \/><\/a><strong>Optische T\u00fcren und Fenster<\/strong><\/h3>\n<p>Die optischen Barrieren vermitteln weite Ausblicke, aber zeigen auch gleichzeitig an hier geht es nicht weiter. Die Motive sind speziell f\u00fcr Senioren mit Demenz entwickelt und ver\u00e4ndern einer T\u00fcr in eine t\u00e4uschend echte Barriere, ohne die Bewohner in ihrer Freiheit einzuschr\u00e4nken oder die Sicherheit im Haus zu gef\u00e4hrden. Dar\u00fcber hinaus schaffen die t\u00e4uschend echten Bilder auch eine wohnliche Atmosph\u00e4re und bilden eine Orientierungspunkt f\u00fcr die Senioren. Die aufgeklebten Bilder auf Treppenhaust\u00fcren, Abstellr\u00e4umen oder Fahrst\u00fchlen, werden von demenzerkrankten Senioren als Barriere wahrgenommen, so dass die auch aus Brandschutzgr\u00fcnden unverschlossenen Durchg\u00e4nge in Pflegeheimen f\u00fcr Hinl\u00e4ufer auf diese Weise ausreichend gesichert werden k\u00f6nnen.<\/p>\n<p><a href=\"https:\/\/youtu.be\/ALuvLjc9uQw\" target=\"_blank\" rel=\"noopener noreferrer\">Video Optische T\u00fcren\u00a0\u00a0\u00a0<\/a>\u00a0\u00a0\u00a0\u00a0\u00a0\u00a0\u00a0\u00a0\u00a0\u00a0\u00a0\u00a0\u00a0 <a href=\"https:\/\/youtu.be\/QCSLTmejnsg\" target=\"_blank\" rel=\"noopener noreferrer\">Video Optische Fenster<\/a><\/p>\n<p>&nbsp;<\/p>\n<p><strong>Sie haben eine Frage \u00fcber Optische T\u00fcren\/Fenster ? Drucken Sie hier<\/strong> ; <a href=\"&#x6d;&#x61;&#x69;&#x6c;&#x74;&#x6f;&#x3a;&#x69;&#x6e;&#x66;&#x6f;&#x40;&#x78;&#x6e;&#x2d;&#x2d;&#x6d;&#x65;&#x69;&#x6e;&#x65;&#x2d;&#97;&#108;&#116;&#101;&#45;&#104;&#97;&#117;&#115;&#116;&#114;&#45;&#105;&#51;&#98;&#46;de?subject=Ich habe eine Frage \u00fcber Optische T\u00fcren\/Fenster \"> Ich habe eine Frage <\/a><\/p>\n<h3><strong><a href=\"https:\/\/xn--meine-alte-haustr-i3b.de\/wp-content\/uploads\/2017\/11\/Modell-401.jpg\"><img loading=\"lazy\" decoding=\"async\" class=\"alignleft wp-image-9372 size-medium\" title=\"Zum vergr\u00f6\u00dfern drucken Sie auf das Bild\" src=\"https:\/\/xn--meine-alte-haustr-i3b.de\/wp-content\/uploads\/2017\/11\/Modell-401-250x300.jpg\" alt=\"\" width=\"250\" height=\"300\" srcset=\"https:\/\/xn--meine-alte-haustr-i3b.de\/wp-content\/uploads\/2017\/11\/Modell-401-250x300.jpg 250w, https:\/\/xn--meine-alte-haustr-i3b.de\/wp-content\/uploads\/2017\/11\/Modell-401-416x499.jpg 416w, https:\/\/xn--meine-alte-haustr-i3b.de\/wp-content\/uploads\/2017\/11\/Modell-401.jpg 567w\" sizes=\"auto, (max-width: 250px) 100vw, 250px\" \/><\/a>Fahrstuhlverkleidung <\/strong><\/h3>\n<p>Um Ihre Abteilung zu versch\u00f6nern oder die Fahrstuhlt\u00fcren nicht erkennbar zu machen haben wir Fahrstuhlverkleidung entwickelt. Ein sehr beliebtes Produkt aus unseren Webshop. Viele sch\u00f6ne Bilder die Ihre \u00a0Fahrstuhlt\u00fcren sch\u00f6ner und nicht erkennbar machen. Steht ein Muster nicht in unsere Galerie ? Kein Problem, sagen Sie uns was Sie suchen und wir schicken Ihnen ein paar Beispiele. Sehe auch das Video\u00a0 \u201e<a href=\"https:\/\/youtu.be\/Tv6Iz6lbAtU\" target=\"_blank\" rel=\"noopener noreferrer\">Fahrstuhlverkleidung Galerie<\/a>\u201c<\/p>\n<p>&nbsp;<\/p>\n<p>&nbsp;<\/p>\n<p>&nbsp;<\/p>\n<p>&nbsp;<\/p>\n<p><strong>Sie haben eine Frage \u00fcber Fahrstuhlverkleidung ? Drucken Sie hier<\/strong> ; <a href=\"&#109;&#x61;i&#108;&#x74;o&#x3a;&#x69;&#110;&#x66;o&#64;&#x78;n&#45;&#x2d;&#109;&#x65;i&#110;&#x65;-&#97;&#x6c;&#116;&#x65;&#x2d;&#104;&#x61;u&#115;&#x74;r&#x2d;&#x69;&#51;&#x62;&#46;&#100;&#x65;?subject=Ich habe eine Frage \u00fcber Fahrstuhlverkleidung \"> Ich habe eine Frage <\/a><\/p>\n<h3><a href=\"https:\/\/xn--meine-alte-haustr-i3b.de\/wp-content\/uploads\/2017\/11\/Bild-1.jpg\"><img loading=\"lazy\" decoding=\"async\" class=\"alignleft wp-image-9373 size-medium\" title=\"Zum vergr\u00f6\u00dfern drucken Sie auf das Bild\" src=\"https:\/\/xn--meine-alte-haustr-i3b.de\/wp-content\/uploads\/2017\/11\/Bild-1-300x225.jpg\" alt=\"\" width=\"300\" height=\"225\" srcset=\"https:\/\/xn--meine-alte-haustr-i3b.de\/wp-content\/uploads\/2017\/11\/Bild-1-300x225.jpg 300w, https:\/\/xn--meine-alte-haustr-i3b.de\/wp-content\/uploads\/2017\/11\/Bild-1-416x312.jpg 416w, https:\/\/xn--meine-alte-haustr-i3b.de\/wp-content\/uploads\/2017\/11\/Bild-1-768x576.jpg 768w, https:\/\/xn--meine-alte-haustr-i3b.de\/wp-content\/uploads\/2017\/11\/Bild-1.jpg 960w\" sizes=\"auto, (max-width: 300px) 100vw, 300px\" \/><\/a><strong>Zugangst\u00fcren<\/strong><\/h3>\n<p>Was passiert wenn ein Senior (Demenz oder nicht) ungesehen die Abteilung verl\u00e4\u00dft ? Wenn er\/sie auf die Stra\u00dfe l\u00e4uft oder in Wald geht. Welchen aufwand braucht es um ihm\/sie wieder zu finden. Was wenn er\/sie verletzt ist ? Welche Folgen hat das alles ?<\/p>\n<p>Um die zu vermeiden erstellen wir Sonderanfertigungen\u00a0 die <a href=\"https:\/\/xn--meine-alte-haustr-i3b.de\/zugangstueren\/\" target=\"_blank\" rel=\"noopener noreferrer\">Ihre ein\/ausgangs T\u00fcr<\/a> der Abteilung so gestalten das die Senioren diesen nicht mehr erkennen Sehe auch das Video\u00a0 \u201e<a href=\"https:\/\/youtu.be\/ka-7mWMwHPw\" target=\"_blank\" rel=\"noopener noreferrer\">Zugangst\u00fcren Galerie<\/a>\u201c<\/p>\n<p>&nbsp;<\/p>\n<p>&nbsp;<\/p>\n<p>&nbsp;<\/p>\n<p><strong>Sie haben eine Frage \u00fcber Zugangst\u00fcren ? Drucken Sie hier<\/strong> ; <a href=\"&#x6d;&#x61;&#x69;&#x6c;&#x74;&#x6f;&#x3a;&#x69;&#x6e;&#x66;&#x6f;&#64;&#120;&#110;&#45;&#45;&#109;&#101;ine-al&#x74;&#x65;&#x2d;&#x68;&#x61;&#x75;&#x73;&#x74;&#x72;&#x2d;&#x69;&#x33;&#98;&#46;&#100;&#101;?subject=Ich habe eine Frage \u00fcber Sonderanfertigung \"> Ich habe eine Frage <\/a><\/p>\n<h3><a href=\"https:\/\/xn--meine-alte-haustr-i3b.de\/wp-content\/uploads\/2017\/11\/Tapijt.-261-x-212.jpg\"><img loading=\"lazy\" decoding=\"async\" class=\"alignleft wp-image-9374\" title=\"Zum vergr\u00f6\u00dfern drucken Sie auf das Bild\" src=\"http:\/\/xn--meine-alte-haustr-i3b.de\/wp-content\/uploads\/2017\/11\/Tapijt.-261-x-212.jpg\" alt=\"\" width=\"295\" height=\"199\" \/><\/a><strong>Klebe-Teppichen<\/strong><\/h3>\n<p>Um alles noch gem\u00fctlicher und h\u00e4uslicher zu machen haben wir eine Probe gemacht mit klebe-Teppichen. Es wurde sofort ein Erfolg, die Zimmer der Senioren sehe jetzt viel gem\u00fctlicher und h\u00e4uslicher aus, ebenso der Flur auf die Abteilungen. \u00a0 Dank der speziellen Oberfl\u00e4che Laminat R10, ist unser Klebe-Teppich besonders rutschfest und bietet keinerlei Stolperfallen f\u00fcr den Senioren.<\/p>\n<p>&nbsp;<\/p>\n<p>&nbsp;<\/p>\n<p><strong>Sie haben eine Frage \u00fcber Klebe-Teppichen ? Drucken Sie hier<\/strong> ; <a href=\"mailto:info&#64;&#120;&#110;&#45;&#45;&#109;&#101;&#105;&#110;&#101;&#45;&#97;&#108;&#116;&#101;&#45;&#x68;&#x61;&#x75;&#x73;&#x74;&#x72;&#x2d;&#x69;&#x33;&#x62;&#x2e;&#x64;&#x65;?subject=Ich habe eine Frage \u00fcber Klebe-Teppichen \"> Ich habe eine Frage <\/a><\/p>\n<p>&nbsp;<\/p>\n<p><em><strong>Durch die viele Anwendungen in Seniorenheimen und die viele positive Reaktionen, und die gro\u00dfe Auswirkung auf die Senioren, das\u00a0 durch eine Forschung\u00a0 des Trimbos Institut best\u00e4tigt wurde, war der Anla\u00df\u00a0 in die Niederl\u00e4ndische Nachrichten von 11 September 2015 hier\u00fcber zu berichten.<\/strong><\/em><\/p>\n<p><a href=\"https:\/\/xn--meine-alte-haustr-i3b.de\/wp-content\/uploads\/2018\/04\/NOS-Journal-the-Dutch-national-public-service-broadcaster-1.mp4\"><img loading=\"lazy\" decoding=\"async\" class=\"aligncenter wp-image-10359 size-large\" src=\"https:\/\/xn--meine-alte-haustr-i3b.de\/wp-content\/uploads\/2018\/04\/NOS-Journal-1024x501.png\" alt=\"\" width=\"980\" height=\"479\" srcset=\"https:\/\/xn--meine-alte-haustr-i3b.de\/wp-content\/uploads\/2018\/04\/NOS-Journal-1024x501.png 1024w, https:\/\/xn--meine-alte-haustr-i3b.de\/wp-content\/uploads\/2018\/04\/NOS-Journal-416x204.png 416w, https:\/\/xn--meine-alte-haustr-i3b.de\/wp-content\/uploads\/2018\/04\/NOS-Journal-300x147.png 300w, https:\/\/xn--meine-alte-haustr-i3b.de\/wp-content\/uploads\/2018\/04\/NOS-Journal-768x376.png 768w, https:\/\/xn--meine-alte-haustr-i3b.de\/wp-content\/uploads\/2018\/04\/NOS-Journal.png 1767w\" sizes=\"auto, (max-width: 980px) 100vw, 980px\" \/><\/a><\/p>\n<p><strong><em>Alle <span id=\"result_box\" class=\"short_text\" lang=\"de\"><span class=\"\">gezeigten<\/span><\/span> Bilder auf unsere Webseite sind auch als T\u00fcrverkleidung, Fahrstuhlverkleidung, oder als Klebet\u00fcren erh\u00e4ltlich.<\/em><\/strong><\/p>\n<p><em>Steht ein Thema nicht in unsere Auswahl, schreiben sie uns einfach und sagen uns welches Thema Sie suchen f\u00fcr Zimmert\u00fcren, B\u00fcrot\u00fcren, Poetz\/ Abstellraumt\u00fcren und Fahrstuhlt\u00fcren. Themen k\u00f6nnen sein :\u00a0 <strong>Wald \u2013 st\u00e4dtischen Sehensw\u00fcrdigkeiten &#8211; st\u00e4dtischen Wahrzeichen \u2013 Abstrakt \u2013 Graffiti &#8211; Happy Doors\u00a0<\/strong> und vieles mehr.<\/em><\/p>\n<p>&nbsp;<\/p>\n","protected":false},"excerpt":{"rendered":"<p>Ein paar Realisierte Projekten, fragen Sie unseren Kunden . Drucken Sie rechts oben auf\u00a0 um das Bild zu vergr\u00f6\u00dfern.\u00a0\u00a0\u00a0\u00a0\u00a0\u00a0\u00a0\u00a0\u00a0\u00a0 \u00a0 \u00a0 \u00a0\u00a0\u00a0\u00a0\u00a0 \u21d3 [wpgmza id=&#8220;3&#8243;] &nbsp; [wp-review id=&#8220;11141&#8243;] Innovationen und Produkten f\u00fcr ein sicheres und einfacheres Leben von Senioren. Wenn alte Menschen in ein Seniorenwohnheim oder eine neue Wohnung umziehen, haben sie oft Probleme sich [&hellip;]<\/p>\n","protected":false},"author":1,"featured_media":0,"parent":0,"menu_order":0,"comment_status":"closed","ping_status":"closed","template":"","meta":{"sfsi_plus_gutenberg_text_before_share":"","sfsi_plus_gutenberg_show_text_before_share":"","sfsi_plus_gutenberg_icon_type":"","sfsi_plus_gutenberg_icon_alignemt":"","sfsi_plus_gutenburg_max_per_row":"","editor_plus_copied_stylings":"{}","_exactmetrics_skip_tracking":false,"_exactmetrics_sitenote_active":false,"_exactmetrics_sitenote_note":"","_exactmetrics_sitenote_category":0,"_uf_show_specific_survey":0,"_uf_disable_surveys":false,"footnotes":""},"class_list":["post-86","page","type-page","status-publish","hentry"],"_links":{"self":[{"href":"https:\/\/xn--meine-alte-haustr-i3b.de\/en\/wp-json\/wp\/v2\/pages\/86","targetHints":{"allow":["GET"]}}],"collection":[{"href":"https:\/\/xn--meine-alte-haustr-i3b.de\/en\/wp-json\/wp\/v2\/pages"}],"about":[{"href":"https:\/\/xn--meine-alte-haustr-i3b.de\/en\/wp-json\/wp\/v2\/types\/page"}],"author":[{"embeddable":true,"href":"https:\/\/xn--meine-alte-haustr-i3b.de\/en\/wp-json\/wp\/v2\/users\/1"}],"replies":[{"embeddable":true,"href":"https:\/\/xn--meine-alte-haustr-i3b.de\/en\/wp-json\/wp\/v2\/comments?post=86"}],"version-history":[{"count":0,"href":"https:\/\/xn--meine-alte-haustr-i3b.de\/en\/wp-json\/wp\/v2\/pages\/86\/revisions"}],"wp:attachment":[{"href":"https:\/\/xn--meine-alte-haustr-i3b.de\/en\/wp-json\/wp\/v2\/media?parent=86"}],"curies":[{"name":"wp","href":"https:\/\/api.w.org\/{rel}","templated":true}]}}