{"id":23822,"date":"2019-08-07T15:07:15","date_gmt":"2019-08-07T15:07:15","guid":{"rendered":"https:\/\/xn--meine-alte-haustr-i3b.de\/?page_id=23822"},"modified":"2020-08-31T12:06:15","modified_gmt":"2020-08-31T10:06:15","slug":"zugangstueren","status":"publish","type":"page","link":"https:\/\/xn--meine-alte-haustr-i3b.de\/en\/zugangstueren\/","title":{"rendered":"Zugangst\u00fcren"},"content":{"rendered":"<h4 class=\"wp-block-heading\"><strong>Neuer Trend in Demenzbereich setzt sich fort<\/strong>.<\/h4>\r\n\r\n\r\n\r\n<p>Immer wieder kommt es vor, dass Senioren ungesehen die Abteilung verlassen, mit all ihren Folgen.<\/p>\r\n\r\n\r\n\r\n<p>Wie Heimleiter uns mitteilten \u201eWie fast jedem Pflegeheimbetreiber, trifft auch uns die Problematik der T\u00fcren im \u201eDemenzbereich\u201c und des unbeaufsichtigtem Verlassen dieses Wohnbereiches durch unsere Bewohner.\u201c<\/p>\r\n\r\n\r\n\r\n<p>Dieses Problem ist nicht neu, aber mehr und mehr bekommt es die Aufmerksamkeit (und zu Recht), die es verdient, von Heimleitern und Pflegepersonal. Zu Recht, in dem Sinne, dass die Folgen katastrophal sein k\u00f6nnen.<\/p>\r\n\r\n\r\n\r\n<p>Das Personal geht den Senior suchen, hierdurch ist die Abteilung nicht ausgelastet mit gen\u00fcgend Personal, was wieder zu unerw\u00fcnschte Situationen oder Problemen f\u00fchren kann. Ein Gro\u00dfeinsatz von Polizei und Feuerwehr k\u00f6nnte die Folgen sein, ganz zu Schweigen davon, wenn der Senior verletzt aufgefunden wird.<\/p>\r\n\r\n\r\n\r\n<p>Durch Unwissenheit oder Untersch\u00e4tzung bleibt dieses Problem und die Folgen existieren weiter. Das Schlimmste ist, wenn man das Problem ignoriert und behauptet \u201eDas kommt bei uns nicht vor\u201c.<\/p>\r\n\r\n\r\n\r\n\r\n\r\n<p>&nbsp;<\/p>\r\n\r\n\r\n\r\n<p><strong>Hier unten sehen Sie einen kleinen Ausschnitt von den M\u00f6glichkeiten f\u00fcr Zugangst\u00fcren.<\/strong><\/p>\r\n\r\n\r\n\r\n<p>&nbsp;<\/p>\r\n\r\n\r\n\r\n<div class=\"wp-block-columns alignwide has-3-columns is-layout-flex wp-container-core-columns-is-layout-28f84493 wp-block-columns-is-layout-flex\">\r\n<div class=\"wp-block-column is-layout-flow wp-block-column-is-layout-flow\">\r\n<div id=\"metaslider-id-23816\" style=\"max-width: 355px; margin: 0 auto;\" class=\"ml-slider-3-109-0 metaslider metaslider-nivo metaslider-23816 ml-slider has-dots-nav ms-theme-default\" role=\"region\" aria-label=\"Zugangst\u00fcren 1\" data-height=\"355\" data-width=\"355\">\n    <div id=\"metaslider_container_23816\">\n        <div class='slider-wrapper theme-default'><div class='ribbon'><\/div><div id='metaslider_23816' class='nivoSlider'><img loading=\"lazy\" decoding=\"async\" src=\"https:\/\/xn--meine-alte-haustr-i3b.de\/wp-content\/uploads\/2019\/08\/Dia-0-1-355x355.jpg\" height=\"355\" width=\"355\" title=\"Dia 0\" alt=\"\" class=\"slider-23816 slide-23825 msDefaultImage\" \/><img loading=\"lazy\" decoding=\"async\" src=\"https:\/\/xn--meine-alte-haustr-i3b.de\/wp-content\/uploads\/2019\/08\/Dia1-14-355x355.jpg\" height=\"355\" width=\"355\" title=\"Dia1\" alt=\"\" class=\"slider-23816 slide-23826 msDefaultImage\" \/><img loading=\"lazy\" decoding=\"async\" src=\"https:\/\/xn--meine-alte-haustr-i3b.de\/wp-content\/uploads\/2019\/08\/Dia2-15-355x355.jpg\" height=\"355\" width=\"355\" title=\"Dia2\" alt=\"\" class=\"slider-23816 slide-23827 msDefaultImage\" \/><img loading=\"lazy\" decoding=\"async\" src=\"https:\/\/xn--meine-alte-haustr-i3b.de\/wp-content\/uploads\/2019\/08\/Dia3-15-355x355.jpg\" height=\"355\" width=\"355\" title=\"Dia3\" alt=\"\" class=\"slider-23816 slide-23828 msDefaultImage\" \/><img loading=\"lazy\" decoding=\"async\" src=\"https:\/\/xn--meine-alte-haustr-i3b.de\/wp-content\/uploads\/2019\/08\/Dia4-15-355x355.jpg\" height=\"355\" width=\"355\" title=\"Dia4\" alt=\"\" class=\"slider-23816 slide-23829 msDefaultImage\" \/><\/div><\/div>\n        \n    <\/div>\n<\/div>\r\n<\/div>\r\n\r\n\r\n\r\n<div class=\"wp-block-column is-layout-flow wp-block-column-is-layout-flow\">\r\n<div id=\"metaslider-id-23830\" style=\"max-width: 355px; margin: 0 auto;\" class=\"ml-slider-3-109-0 metaslider metaslider-nivo metaslider-23830 ml-slider has-dots-nav ms-theme-default\" role=\"region\" aria-label=\"Zugangst\u00fcr 2\" data-height=\"355\" data-width=\"355\">\n    <div id=\"metaslider_container_23830\">\n        <div class='slider-wrapper theme-default'><div class='ribbon'><\/div><div id='metaslider_23830' class='nivoSlider'><img loading=\"lazy\" decoding=\"async\" src=\"https:\/\/xn--meine-alte-haustr-i3b.de\/wp-content\/uploads\/2019\/08\/Bild-0-355x355.jpg\" height=\"355\" width=\"355\" title=\"Bild 0\" alt=\"\" class=\"slider-23830 slide-23835 msDefaultImage\" \/><img loading=\"lazy\" decoding=\"async\" src=\"https:\/\/xn--meine-alte-haustr-i3b.de\/wp-content\/uploads\/2019\/08\/Bild-1-355x355.jpg\" height=\"355\" width=\"355\" title=\"Bild 1\" alt=\"\" class=\"slider-23830 slide-23836 msDefaultImage\" \/><img loading=\"lazy\" decoding=\"async\" src=\"https:\/\/xn--meine-alte-haustr-i3b.de\/wp-content\/uploads\/2019\/08\/Bild-2-355x355.jpg\" height=\"355\" width=\"355\" title=\"Bild 2\" alt=\"\" class=\"slider-23830 slide-23837 msDefaultImage\" \/><img loading=\"lazy\" decoding=\"async\" src=\"https:\/\/xn--meine-alte-haustr-i3b.de\/wp-content\/uploads\/2019\/08\/Bild-3-355x355.jpg\" height=\"355\" width=\"355\" title=\"Bild 3\" alt=\"\" class=\"slider-23830 slide-23838 msDefaultImage\" \/><\/div><\/div>\n        \n    <\/div>\n<\/div>\r\n<\/div>\r\n\r\n\r\n\r\n<div class=\"wp-block-column is-layout-flow wp-block-column-is-layout-flow\">\r\n<div id=\"metaslider-id-23841\" style=\"max-width: 355px; margin: 0 auto;\" class=\"ml-slider-3-109-0 metaslider metaslider-nivo metaslider-23841 ml-slider has-dots-nav ms-theme-default\" role=\"region\" aria-label=\"Zugangst\u00fcr 3\" data-height=\"355\" data-width=\"355\">\n    <div id=\"metaslider_container_23841\">\n        <div class='slider-wrapper theme-default'><div class='ribbon'><\/div><div id='metaslider_23841' class='nivoSlider'><img loading=\"lazy\" decoding=\"async\" src=\"https:\/\/xn--meine-alte-haustr-i3b.de\/wp-content\/uploads\/2019\/08\/Dia1-15-355x355.jpg\" height=\"355\" width=\"355\" title=\"Dia1\" alt=\"\" class=\"slider-23841 slide-23846 msDefaultImage\" \/><img loading=\"lazy\" decoding=\"async\" src=\"https:\/\/xn--meine-alte-haustr-i3b.de\/wp-content\/uploads\/2019\/08\/Dia2-16-355x355.jpg\" height=\"355\" width=\"355\" title=\"Dia2\" alt=\"\" class=\"slider-23841 slide-23847 msDefaultImage\" \/><img loading=\"lazy\" decoding=\"async\" src=\"https:\/\/xn--meine-alte-haustr-i3b.de\/wp-content\/uploads\/2019\/08\/Dia3-16-355x355.jpg\" height=\"355\" width=\"355\" title=\"Dia3\" alt=\"\" class=\"slider-23841 slide-23848 msDefaultImage\" \/><img loading=\"lazy\" decoding=\"async\" src=\"https:\/\/xn--meine-alte-haustr-i3b.de\/wp-content\/uploads\/2019\/08\/Dia4-16-355x355.jpg\" height=\"355\" width=\"355\" title=\"Dia4\" alt=\"\" class=\"slider-23841 slide-23849 msDefaultImage\" \/><\/div><\/div>\n        \n    <\/div>\n<\/div>\r\n<\/div>\r\n<\/div>\r\n\r\n\r\n\r\n<div class=\"wp-block-columns alignwide has-3-columns is-layout-flex wp-container-core-columns-is-layout-28f84493 wp-block-columns-is-layout-flex\">\r\n<div class=\"wp-block-column is-layout-flow wp-block-column-is-layout-flow\">\r\n<div id=\"metaslider-id-23852\" style=\"max-width: 355px; margin: 0 auto;\" class=\"ml-slider-3-109-0 metaslider metaslider-nivo metaslider-23852 ml-slider has-dots-nav ms-theme-default\" role=\"region\" aria-label=\"Zugangst\u00fcr 4\" data-height=\"355\" data-width=\"355\">\n    <div id=\"metaslider_container_23852\">\n        <div class='slider-wrapper theme-default'><div class='ribbon'><\/div><div id='metaslider_23852' class='nivoSlider'><img loading=\"lazy\" decoding=\"async\" src=\"https:\/\/xn--meine-alte-haustr-i3b.de\/wp-content\/uploads\/2019\/08\/Dia1-16-355x355.jpg\" height=\"355\" width=\"355\" title=\"Dia1\" alt=\"\" class=\"slider-23852 slide-23857 msDefaultImage\" \/><img loading=\"lazy\" decoding=\"async\" src=\"https:\/\/xn--meine-alte-haustr-i3b.de\/wp-content\/uploads\/2019\/08\/Dia2-17-355x355.jpg\" height=\"355\" width=\"355\" title=\"Dia2\" alt=\"\" class=\"slider-23852 slide-23858 msDefaultImage\" \/><img loading=\"lazy\" decoding=\"async\" src=\"https:\/\/xn--meine-alte-haustr-i3b.de\/wp-content\/uploads\/2019\/08\/Dia3-17-355x355.jpg\" height=\"355\" width=\"355\" title=\"Dia3\" alt=\"\" class=\"slider-23852 slide-23859 msDefaultImage\" \/><img loading=\"lazy\" decoding=\"async\" src=\"https:\/\/xn--meine-alte-haustr-i3b.de\/wp-content\/uploads\/2019\/08\/Dia4-17-355x355.jpg\" height=\"355\" width=\"355\" title=\"Dia4\" alt=\"\" class=\"slider-23852 slide-23860 msDefaultImage\" \/><\/div><\/div>\n        \n    <\/div>\n<\/div>\r\n<\/div>\r\n\r\n\r\n\r\n<div class=\"wp-block-column is-layout-flow wp-block-column-is-layout-flow\">\r\n<div id=\"metaslider-id-23861\" style=\"max-width: 355px; margin: 0 auto;\" class=\"ml-slider-3-109-0 metaslider metaslider-nivo metaslider-23861 ml-slider has-dots-nav ms-theme-default\" role=\"region\" aria-label=\"Zugangst\u00fcr 4\" data-height=\"355\" data-width=\"355\">\n    <div id=\"metaslider_container_23861\">\n        <div class='slider-wrapper theme-default'><div class='ribbon'><\/div><div id='metaslider_23861' class='nivoSlider'><img loading=\"lazy\" decoding=\"async\" src=\"https:\/\/xn--meine-alte-haustr-i3b.de\/wp-content\/uploads\/2019\/08\/Dia1-17-355x355.jpg\" height=\"355\" width=\"355\" title=\"Dia1\" alt=\"\" class=\"slider-23861 slide-23866 msDefaultImage\" \/><img loading=\"lazy\" decoding=\"async\" src=\"https:\/\/xn--meine-alte-haustr-i3b.de\/wp-content\/uploads\/2019\/08\/Dia2-18-355x355.jpg\" height=\"355\" width=\"355\" title=\"Dia2\" alt=\"\" class=\"slider-23861 slide-23867 msDefaultImage\" \/><img loading=\"lazy\" decoding=\"async\" src=\"https:\/\/xn--meine-alte-haustr-i3b.de\/wp-content\/uploads\/2019\/08\/Dia3-18-355x355.jpg\" height=\"355\" width=\"355\" title=\"Dia3\" alt=\"\" class=\"slider-23861 slide-23868 msDefaultImage\" \/><img loading=\"lazy\" decoding=\"async\" src=\"https:\/\/xn--meine-alte-haustr-i3b.de\/wp-content\/uploads\/2019\/08\/Dia4-18-355x355.jpg\" height=\"355\" width=\"355\" title=\"Dia4\" alt=\"\" class=\"slider-23861 slide-23869 msDefaultImage\" \/><\/div><\/div>\n        \n    <\/div>\n<\/div>\r\n<\/div>\r\n\r\n\r\n\r\n<div class=\"wp-block-column is-layout-flow wp-block-column-is-layout-flow\"><div id=\"metaslider-id-23882\" style=\"max-width: 355px; margin: 0 auto;\" class=\"ml-slider-3-109-0 metaslider metaslider-nivo metaslider-23882 ml-slider has-dots-nav ms-theme-default\" role=\"region\" aria-label=\"Zugangst\u00fcr 5\" data-height=\"355\" data-width=\"355\">\n    <div id=\"metaslider_container_23882\">\n        <div class='slider-wrapper theme-default'><div class='ribbon'><\/div><div id='metaslider_23882' class='nivoSlider'><img loading=\"lazy\" decoding=\"async\" src=\"https:\/\/xn--meine-alte-haustr-i3b.de\/wp-content\/uploads\/2019\/08\/Dia1-19-355x355.jpg\" height=\"355\" width=\"355\" title=\"Dia1\" alt=\"\" class=\"slider-23882 slide-23887 msDefaultImage\" \/><img loading=\"lazy\" decoding=\"async\" src=\"https:\/\/xn--meine-alte-haustr-i3b.de\/wp-content\/uploads\/2019\/08\/Dia2-20-355x355.jpg\" height=\"355\" width=\"355\" title=\"Dia2\" alt=\"\" class=\"slider-23882 slide-23888 msDefaultImage\" \/><img loading=\"lazy\" decoding=\"async\" src=\"https:\/\/xn--meine-alte-haustr-i3b.de\/wp-content\/uploads\/2019\/08\/Dia3-20-355x355.jpg\" height=\"355\" width=\"355\" title=\"Dia3\" alt=\"\" class=\"slider-23882 slide-23889 msDefaultImage\" \/><img loading=\"lazy\" decoding=\"async\" src=\"https:\/\/xn--meine-alte-haustr-i3b.de\/wp-content\/uploads\/2019\/08\/Dia4-20-355x355.jpg\" height=\"355\" width=\"355\" title=\"Dia4\" alt=\"\" class=\"slider-23882 slide-23890 msDefaultImage\" \/><\/div><\/div>\n        \n    <\/div>\n<\/div>\n<\/div>\r\n<\/div>\r\n\r\n\r\n\r\n<p>&nbsp;<\/p>\r\n\r\n\r\n\r\n<div class=\"wp-block-columns alignwide has-3-columns is-layout-flex wp-container-core-columns-is-layout-28f84493 wp-block-columns-is-layout-flex\">\r\n<div class=\"wp-block-column is-layout-flow wp-block-column-is-layout-flow\">\r\n<div id=\"metaslider-id-23892\" style=\"max-width: 355px; margin: 0 auto;\" class=\"ml-slider-3-109-0 metaslider metaslider-nivo metaslider-23892 ml-slider has-dots-nav ms-theme-default\" role=\"region\" aria-label=\"Zugangst\u00fcr 6\" data-height=\"355\" data-width=\"355\">\n    <div id=\"metaslider_container_23892\">\n        <div class='slider-wrapper theme-default'><div class='ribbon'><\/div><div id='metaslider_23892' class='nivoSlider'><img loading=\"lazy\" decoding=\"async\" src=\"https:\/\/xn--meine-alte-haustr-i3b.de\/wp-content\/uploads\/2019\/08\/Dia1-20-355x355.jpg\" height=\"355\" width=\"355\" title=\"Dia1\" alt=\"\" class=\"slider-23892 slide-23897 msDefaultImage\" \/><img loading=\"lazy\" decoding=\"async\" src=\"https:\/\/xn--meine-alte-haustr-i3b.de\/wp-content\/uploads\/2019\/08\/Dia2-21-355x355.jpg\" height=\"355\" width=\"355\" title=\"Dia2\" alt=\"\" class=\"slider-23892 slide-23898 msDefaultImage\" \/><img loading=\"lazy\" decoding=\"async\" src=\"https:\/\/xn--meine-alte-haustr-i3b.de\/wp-content\/uploads\/2019\/08\/Dia3-21-355x355.jpg\" height=\"355\" width=\"355\" title=\"Dia3\" alt=\"\" class=\"slider-23892 slide-23899 msDefaultImage\" \/><img loading=\"lazy\" decoding=\"async\" src=\"https:\/\/xn--meine-alte-haustr-i3b.de\/wp-content\/uploads\/2019\/08\/Dia4-21-355x355.jpg\" height=\"355\" width=\"355\" title=\"Dia4\" alt=\"\" class=\"slider-23892 slide-23900 msDefaultImage\" \/><\/div><\/div>\n        \n    <\/div>\n<\/div>\r\n<\/div>\r\n\r\n\r\n\r\n<div class=\"wp-block-column is-layout-flow wp-block-column-is-layout-flow\">\r\n<div id=\"metaslider-id-23904\" style=\"max-width: 355px; margin: 0 auto;\" class=\"ml-slider-3-109-0 metaslider metaslider-nivo metaslider-23904 ml-slider has-dots-nav ms-theme-default\" role=\"region\" aria-label=\"Zugangst\u00fcr 7\" data-height=\"355\" data-width=\"355\">\n    <div id=\"metaslider_container_23904\">\n        <div class='slider-wrapper theme-default'><div class='ribbon'><\/div><div id='metaslider_23904' class='nivoSlider'><img loading=\"lazy\" decoding=\"async\" src=\"https:\/\/xn--meine-alte-haustr-i3b.de\/wp-content\/uploads\/2019\/08\/Dia1-21-355x355.jpg\" height=\"355\" width=\"355\" title=\"Dia1\" alt=\"\" class=\"slider-23904 slide-23909 msDefaultImage\" \/><img loading=\"lazy\" decoding=\"async\" src=\"https:\/\/xn--meine-alte-haustr-i3b.de\/wp-content\/uploads\/2019\/08\/Dia2-22-355x355.jpg\" height=\"355\" width=\"355\" title=\"Dia2\" alt=\"\" class=\"slider-23904 slide-23910 msDefaultImage\" \/><img loading=\"lazy\" decoding=\"async\" src=\"https:\/\/xn--meine-alte-haustr-i3b.de\/wp-content\/uploads\/2019\/08\/Dia3-22-355x355.jpg\" height=\"355\" width=\"355\" title=\"Dia3\" alt=\"\" class=\"slider-23904 slide-23911 msDefaultImage\" \/><img loading=\"lazy\" decoding=\"async\" src=\"https:\/\/xn--meine-alte-haustr-i3b.de\/wp-content\/uploads\/2019\/08\/Dia4-22-355x355.jpg\" height=\"355\" width=\"355\" title=\"Dia4\" alt=\"\" class=\"slider-23904 slide-23912 msDefaultImage\" \/><\/div><\/div>\n        \n    <\/div>\n<\/div>\r\n<\/div>\r\n\r\n\r\n\r\n<div class=\"wp-block-column is-layout-flow wp-block-column-is-layout-flow\">\r\n<div id=\"metaslider-id-23916\" style=\"max-width: 355px; margin: 0 auto;\" class=\"ml-slider-3-109-0 metaslider metaslider-nivo metaslider-23916 ml-slider has-dots-nav ms-theme-default\" role=\"region\" aria-label=\"Zugangst\u00fcr 8\" data-height=\"355\" data-width=\"355\">\n    <div id=\"metaslider_container_23916\">\n        <div class='slider-wrapper theme-default'><div class='ribbon'><\/div><div id='metaslider_23916' class='nivoSlider'><img loading=\"lazy\" decoding=\"async\" src=\"https:\/\/xn--meine-alte-haustr-i3b.de\/wp-content\/uploads\/2019\/08\/Dia1-22-355x355.jpg\" height=\"355\" width=\"355\" title=\"Dia1\" alt=\"\" class=\"slider-23916 slide-23921 msDefaultImage\" \/><img loading=\"lazy\" decoding=\"async\" src=\"https:\/\/xn--meine-alte-haustr-i3b.de\/wp-content\/uploads\/2019\/08\/Dia2-23-355x355.jpg\" height=\"355\" width=\"355\" title=\"Dia2\" alt=\"\" class=\"slider-23916 slide-23922 msDefaultImage\" \/><img loading=\"lazy\" decoding=\"async\" src=\"https:\/\/xn--meine-alte-haustr-i3b.de\/wp-content\/uploads\/2019\/08\/Dia3-23-355x355.jpg\" height=\"355\" width=\"355\" title=\"Dia3\" alt=\"\" class=\"slider-23916 slide-23923 msDefaultImage\" \/><img loading=\"lazy\" decoding=\"async\" src=\"https:\/\/xn--meine-alte-haustr-i3b.de\/wp-content\/uploads\/2019\/08\/Dia4-23-355x355.jpg\" height=\"355\" width=\"355\" title=\"Dia4\" alt=\"\" class=\"slider-23916 slide-23924 msDefaultImage\" \/><\/div><\/div>\n        \n    <\/div>\n<\/div>\r\n<\/div>\r\n<\/div>","protected":false},"excerpt":{"rendered":"<p>Neuer Trend in Demenzbereich setzt sich fort. Immer wieder kommt es vor, dass Senioren ungesehen die Abteilung verlassen, mit all ihren Folgen. Wie Heimleiter uns mitteilten \u201eWie fast jedem Pflegeheimbetreiber, trifft auch uns die Problematik der T\u00fcren im \u201eDemenzbereich\u201c und des unbeaufsichtigtem Verlassen dieses Wohnbereiches durch unsere Bewohner.\u201c Dieses Problem ist nicht neu, aber mehr [&hellip;]<\/p>\n","protected":false},"author":1,"featured_media":0,"parent":0,"menu_order":0,"comment_status":"closed","ping_status":"closed","template":"","meta":{"sfsi_plus_gutenberg_text_before_share":"","sfsi_plus_gutenberg_show_text_before_share":"","sfsi_plus_gutenberg_icon_type":"","sfsi_plus_gutenberg_icon_alignemt":"","sfsi_plus_gutenburg_max_per_row":"","editor_plus_copied_stylings":"{}","_exactmetrics_skip_tracking":false,"_exactmetrics_sitenote_active":false,"_exactmetrics_sitenote_note":"","_exactmetrics_sitenote_category":0,"_uf_show_specific_survey":0,"_uf_disable_surveys":false,"footnotes":""},"class_list":["post-23822","page","type-page","status-publish","hentry"],"_links":{"self":[{"href":"https:\/\/xn--meine-alte-haustr-i3b.de\/en\/wp-json\/wp\/v2\/pages\/23822","targetHints":{"allow":["GET"]}}],"collection":[{"href":"https:\/\/xn--meine-alte-haustr-i3b.de\/en\/wp-json\/wp\/v2\/pages"}],"about":[{"href":"https:\/\/xn--meine-alte-haustr-i3b.de\/en\/wp-json\/wp\/v2\/types\/page"}],"author":[{"embeddable":true,"href":"https:\/\/xn--meine-alte-haustr-i3b.de\/en\/wp-json\/wp\/v2\/users\/1"}],"replies":[{"embeddable":true,"href":"https:\/\/xn--meine-alte-haustr-i3b.de\/en\/wp-json\/wp\/v2\/comments?post=23822"}],"version-history":[{"count":0,"href":"https:\/\/xn--meine-alte-haustr-i3b.de\/en\/wp-json\/wp\/v2\/pages\/23822\/revisions"}],"wp:attachment":[{"href":"https:\/\/xn--meine-alte-haustr-i3b.de\/en\/wp-json\/wp\/v2\/media?parent=23822"}],"curies":[{"name":"wp","href":"https:\/\/api.w.org\/{rel}","templated":true}]}}